{"id":52955,"date":"2021-11-08T16:51:07","date_gmt":"2021-11-08T16:51:07","guid":{"rendered":"https:\/\/new.ilmoliulampar.is\/product\/super-focus-ilmkjarnaolia\/"},"modified":"2024-07-16T08:47:53","modified_gmt":"2024-07-16T08:47:53","slug":"super-focus-ilmkjarnaolia","status":"publish","type":"product","link":"https:\/\/ilmoliulampar.is\/en_gb\/product\/super-focus-ilmkjarnaolia\/","title":{"rendered":"Super Focus, ilmkjarnaol\u00eda"},"content":{"rendered":"","protected":false},"excerpt":{"rendered":"<p><strong>N\u00fdja<\/strong> <em>SUPER<\/em> ilmkjarnaol\u00edu-l\u00ednan okkar er faglega bl\u00f6ndu\u00f0 me\u00f0 100% hreinum ilmkjarnaol\u00edum, ger\u00f0ar me\u00f0 \u00fe\u00edna vell\u00ed\u00f0an \u00ed fyrir\u00fami. Fylltu andr\u00famslofti\u00f0 \u00ed kringum \u00feig me\u00f0 \u00a0h\u00e1g\u00e6\u00f0a vell\u00ed\u00f0unar-ilmum og upplif\u00f0u kraftinn sem alv\u00f6ru ilm-me\u00f0fer\u00f0 hefur upp \u00e1 a\u00f0 bj\u00f3\u00f0a.<\/p>\n<div class=\"product-add-form\">\n<form id=\"product_addtocart_form\" action=\"https:\/\/madebyzen.com\/checkout\/cart\/add\/uenc\/aHR0cHM6Ly9tYWRlYnl6ZW4uY29tL3N1cGVyLWZvY3VzLWVzc2VudGlhbC1vaWwtYmxlbmQuaHRtbA%2C%2C\/product\/544\/\" method=\"post\" novalidate=\"novalidate\" data-product-sku=\"SBOFOC\">\n<div class=\"icon-attributes\"><strong>Super Focus<\/strong> inniheldur bl\u00f6ndu af Eucaluptus, Clove, Rosemary, Bergam\u00f3t, S\u00f3tr\u00f3nu &amp; Myrru til a\u00f0 hj\u00e1lpa \u00fe\u00e9r a\u00f0 n\u00e1 einbeitningu &amp; f\u00f3kus. Skerpir hugann, minnkar heila-\u00feoku me\u00f0 n\u00e1tt\u00farulegri og uppl\u00edfgandi bl\u00f6ndu.<\/div>\n<\/form>\n<\/div>\n<p>&nbsp;<\/p>","protected":false},"featured_media":43087,"comment_status":"closed","ping_status":"open","template":"","meta":[],"product_brand":[],"product_cat":[224,209,108],"product_tag":[],"class_list":{"0":"post-52955","1":"product","2":"type-product","3":"status-publish","4":"has-post-thumbnail","6":"product_cat-ilmkjarnaoliur-oliur","7":"product_cat-nyjar-oliur-oliur","8":"product_cat-oliur","10":"first","11":"instock","12":"shipping-taxable","13":"purchasable","14":"product-type-simple"},"_links":{"self":[{"href":"https:\/\/ilmoliulampar.is\/en_gb\/wp-json\/wp\/v2\/product\/52955","targetHints":{"allow":["GET"]}}],"collection":[{"href":"https:\/\/ilmoliulampar.is\/en_gb\/wp-json\/wp\/v2\/product"}],"about":[{"href":"https:\/\/ilmoliulampar.is\/en_gb\/wp-json\/wp\/v2\/types\/product"}],"replies":[{"embeddable":true,"href":"https:\/\/ilmoliulampar.is\/en_gb\/wp-json\/wp\/v2\/comments?post=52955"}],"wp:featuredmedia":[{"embeddable":true,"href":"https:\/\/ilmoliulampar.is\/en_gb\/wp-json\/wp\/v2\/media\/43087"}],"wp:attachment":[{"href":"https:\/\/ilmoliulampar.is\/en_gb\/wp-json\/wp\/v2\/media?parent=52955"}],"wp:term":[{"taxonomy":"product_brand","embeddable":true,"href":"https:\/\/ilmoliulampar.is\/en_gb\/wp-json\/wp\/v2\/product_brand?post=52955"},{"taxonomy":"product_cat","embeddable":true,"href":"https:\/\/ilmoliulampar.is\/en_gb\/wp-json\/wp\/v2\/product_cat?post=52955"},{"taxonomy":"product_tag","embeddable":true,"href":"https:\/\/ilmoliulampar.is\/en_gb\/wp-json\/wp\/v2\/product_tag?post=52955"}],"curies":[{"name":"wp","href":"https:\/\/api.w.org\/{rel}","templated":true}]}}