{"id":52956,"date":"2021-11-08T17:44:17","date_gmt":"2021-11-08T17:44:17","guid":{"rendered":"https:\/\/new.ilmoliulampar.is\/product\/super-breathe-ilmkjarnaolia\/"},"modified":"2024-07-16T08:55:56","modified_gmt":"2024-07-16T08:55:56","slug":"super-breathe-ilmkjarnaolia","status":"publish","type":"product","link":"https:\/\/ilmoliulampar.is\/en_gb\/product\/super-breathe-ilmkjarnaolia\/","title":{"rendered":"Super Breathe, ilmkjarnaol\u00eda"},"content":{"rendered":"","protected":false},"excerpt":{"rendered":"<p><strong>N\u00fdja<\/strong> <em>SUPER<\/em> ilmkjarnaol\u00edu-l\u00ednan okkar er faglega bl\u00f6ndu\u00f0 me\u00f0 100% hreinum ilmkjarnaol\u00edum, ger\u00f0ar me\u00f0 \u00fe\u00edna vell\u00ed\u00f0an \u00ed fyrir\u00fami. Fylltu andr\u00famslofti\u00f0 \u00ed kringum \u00feig me\u00f0 \u00a0h\u00e1g\u00e6\u00f0a vell\u00ed\u00f0unar-ilmum og upplif\u00f0u kraftinn sem alv\u00f6ru ilm-me\u00f0fer\u00f0 hefur upp \u00e1 a\u00f0 bj\u00f3\u00f0a.<\/p>\n<p><strong>Super Breathe<\/strong> inniheldur endurl\u00edfgandi bl\u00f6ndu af Eucalyptus, S\u00edtr\u00f3nu fr\u00e1 Sikiley, Piparmintu, Pine, Thyme &amp; Bens\u00f3\u00edn til a\u00f0 \u00a0hj\u00e1lpa til vi\u00f0 dj\u00fap-\u00f6ndun. \u00deessi endurvekur skynf\u00e6rin, l\u00e9ttir \u00e1 kinnholunum og gerir \u00fe\u00e9r au\u00f0veldara fyrir a\u00f0 anda.<\/p>","protected":false},"featured_media":43109,"comment_status":"closed","ping_status":"open","template":"","meta":[],"product_brand":[],"product_cat":[224,209,108],"product_tag":[],"class_list":{"0":"post-52956","1":"product","2":"type-product","3":"status-publish","4":"has-post-thumbnail","6":"product_cat-ilmkjarnaoliur-oliur","7":"product_cat-nyjar-oliur-oliur","8":"product_cat-oliur","10":"first","11":"instock","12":"shipping-taxable","13":"purchasable","14":"product-type-simple"},"_links":{"self":[{"href":"https:\/\/ilmoliulampar.is\/en_gb\/wp-json\/wp\/v2\/product\/52956","targetHints":{"allow":["GET"]}}],"collection":[{"href":"https:\/\/ilmoliulampar.is\/en_gb\/wp-json\/wp\/v2\/product"}],"about":[{"href":"https:\/\/ilmoliulampar.is\/en_gb\/wp-json\/wp\/v2\/types\/product"}],"replies":[{"embeddable":true,"href":"https:\/\/ilmoliulampar.is\/en_gb\/wp-json\/wp\/v2\/comments?post=52956"}],"wp:featuredmedia":[{"embeddable":true,"href":"https:\/\/ilmoliulampar.is\/en_gb\/wp-json\/wp\/v2\/media\/43109"}],"wp:attachment":[{"href":"https:\/\/ilmoliulampar.is\/en_gb\/wp-json\/wp\/v2\/media?parent=52956"}],"wp:term":[{"taxonomy":"product_brand","embeddable":true,"href":"https:\/\/ilmoliulampar.is\/en_gb\/wp-json\/wp\/v2\/product_brand?post=52956"},{"taxonomy":"product_cat","embeddable":true,"href":"https:\/\/ilmoliulampar.is\/en_gb\/wp-json\/wp\/v2\/product_cat?post=52956"},{"taxonomy":"product_tag","embeddable":true,"href":"https:\/\/ilmoliulampar.is\/en_gb\/wp-json\/wp\/v2\/product_tag?post=52956"}],"curies":[{"name":"wp","href":"https:\/\/api.w.org\/{rel}","templated":true}]}}