{"id":52957,"date":"2021-11-09T17:33:20","date_gmt":"2021-11-09T17:33:20","guid":{"rendered":"https:\/\/new.ilmoliulampar.is\/product\/christmas-tree\/"},"modified":"2025-06-23T11:36:46","modified_gmt":"2025-06-23T11:36:46","slug":"christmas-tree","status":"publish","type":"product","link":"https:\/\/ilmoliulampar.is\/en_gb\/product\/christmas-tree\/","title":{"rendered":"Christmas Tree"},"content":{"rendered":"","protected":false},"excerpt":{"rendered":"<p><em>Christmas Tree &#8211; j\u00f3la ilmol\u00eda<\/em><\/p>\n<p>\u00deessi ilmar eins alv\u00f6ru j\u00f3latr\u00e9! Fr\u00edskandi blanda af Bergam\u00f3t, s\u00edtr\u00f3nu, hv\u00edtri mintu, greipaldin,Negul,Timjan, Balsam, Cedar, Sandalwood og furun\u00e1lum!<\/p>","protected":false},"featured_media":43112,"comment_status":"closed","ping_status":"closed","template":"","meta":[],"product_brand":[],"product_cat":[197,108],"product_tag":[],"class_list":{"0":"post-52957","1":"product","2":"type-product","3":"status-publish","4":"has-post-thumbnail","6":"product_cat-jolaoliur-oliur","7":"product_cat-oliur","9":"first","10":"outofstock","11":"shipping-taxable","12":"purchasable","13":"product-type-simple"},"_links":{"self":[{"href":"https:\/\/ilmoliulampar.is\/en_gb\/wp-json\/wp\/v2\/product\/52957","targetHints":{"allow":["GET"]}}],"collection":[{"href":"https:\/\/ilmoliulampar.is\/en_gb\/wp-json\/wp\/v2\/product"}],"about":[{"href":"https:\/\/ilmoliulampar.is\/en_gb\/wp-json\/wp\/v2\/types\/product"}],"replies":[{"embeddable":true,"href":"https:\/\/ilmoliulampar.is\/en_gb\/wp-json\/wp\/v2\/comments?post=52957"}],"wp:featuredmedia":[{"embeddable":true,"href":"https:\/\/ilmoliulampar.is\/en_gb\/wp-json\/wp\/v2\/media\/43112"}],"wp:attachment":[{"href":"https:\/\/ilmoliulampar.is\/en_gb\/wp-json\/wp\/v2\/media?parent=52957"}],"wp:term":[{"taxonomy":"product_brand","embeddable":true,"href":"https:\/\/ilmoliulampar.is\/en_gb\/wp-json\/wp\/v2\/product_brand?post=52957"},{"taxonomy":"product_cat","embeddable":true,"href":"https:\/\/ilmoliulampar.is\/en_gb\/wp-json\/wp\/v2\/product_cat?post=52957"},{"taxonomy":"product_tag","embeddable":true,"href":"https:\/\/ilmoliulampar.is\/en_gb\/wp-json\/wp\/v2\/product_tag?post=52957"}],"curies":[{"name":"wp","href":"https:\/\/api.w.org\/{rel}","templated":true}]}}