{"id":52962,"date":"2021-11-12T17:14:05","date_gmt":"2021-11-12T17:14:05","guid":{"rendered":"https:\/\/new.ilmoliulampar.is\/product\/vanilla-bean-noel-ilmolia-bbw-type\/"},"modified":"2025-11-10T15:40:41","modified_gmt":"2025-11-10T15:40:41","slug":"vanilla-bean-noel-ilmolia-bbw-type","status":"publish","type":"product","link":"https:\/\/ilmoliulampar.is\/en_gb\/product\/vanilla-bean-noel-ilmolia-bbw-type\/","title":{"rendered":"VANILLA BEAN NOEL &#8211; BBW"},"content":{"rendered":"","protected":false},"excerpt":{"rendered":"<p><em>Vanilla Bean Noel &#8211; Bath &amp; bodyworks,\u00a0<strong>ilmol\u00eda.<\/strong><\/em><\/p>\n<p>\u00deessi gu\u00f0d\u00f3mlegi j\u00f3lailmur kom fyrst \u00e1 marka\u00f0 fyrir j\u00f3lin 2014, um er a\u00f0 r\u00e6\u00f0a krema\u00f0a vanillu \u00ed bland vi\u00f0 \u00feeyttan rj\u00f3ma, karamellu, s\u00fakkula\u00f0i &amp; Musk!<\/p>\n<p>&nbsp;<\/p>\n<p>&nbsp;<\/p>\n<p>&nbsp;<\/p>\n<p>Ath, um er a\u00f0 r\u00e6\u00f0a ilmol\u00edu, myndin er til \u00feess a\u00f0 s\u00fdna um hva\u00f0a ilm er a\u00f0 r\u00e6\u00f0a!<\/p>\n<p>&nbsp;<\/p>","protected":false},"featured_media":43127,"comment_status":"closed","ping_status":"closed","template":"","meta":[],"product_brand":[],"product_cat":[136,197,108],"product_tag":[],"class_list":{"0":"post-52962","1":"product","2":"type-product","3":"status-publish","4":"has-post-thumbnail","6":"product_cat-jol","7":"product_cat-jolaoliur-oliur","8":"product_cat-oliur","10":"first","11":"instock","12":"shipping-taxable","13":"purchasable","14":"product-type-simple"},"_links":{"self":[{"href":"https:\/\/ilmoliulampar.is\/en_gb\/wp-json\/wp\/v2\/product\/52962","targetHints":{"allow":["GET"]}}],"collection":[{"href":"https:\/\/ilmoliulampar.is\/en_gb\/wp-json\/wp\/v2\/product"}],"about":[{"href":"https:\/\/ilmoliulampar.is\/en_gb\/wp-json\/wp\/v2\/types\/product"}],"replies":[{"embeddable":true,"href":"https:\/\/ilmoliulampar.is\/en_gb\/wp-json\/wp\/v2\/comments?post=52962"}],"wp:featuredmedia":[{"embeddable":true,"href":"https:\/\/ilmoliulampar.is\/en_gb\/wp-json\/wp\/v2\/media\/43127"}],"wp:attachment":[{"href":"https:\/\/ilmoliulampar.is\/en_gb\/wp-json\/wp\/v2\/media?parent=52962"}],"wp:term":[{"taxonomy":"product_brand","embeddable":true,"href":"https:\/\/ilmoliulampar.is\/en_gb\/wp-json\/wp\/v2\/product_brand?post=52962"},{"taxonomy":"product_cat","embeddable":true,"href":"https:\/\/ilmoliulampar.is\/en_gb\/wp-json\/wp\/v2\/product_cat?post=52962"},{"taxonomy":"product_tag","embeddable":true,"href":"https:\/\/ilmoliulampar.is\/en_gb\/wp-json\/wp\/v2\/product_tag?post=52962"}],"curies":[{"name":"wp","href":"https:\/\/api.w.org\/{rel}","templated":true}]}}