{"id":52963,"date":"2021-11-12T17:52:10","date_gmt":"2021-11-12T17:52:10","guid":{"rendered":"https:\/\/new.ilmoliulampar.is\/product\/mistletoe-kiss-ilmolia-bbw-type\/"},"modified":"2025-11-10T15:37:58","modified_gmt":"2025-11-10T15:37:58","slug":"mistletoe-kiss-ilmolia-bbw-type","status":"publish","type":"product","link":"https:\/\/ilmoliulampar.is\/en_gb\/product\/mistletoe-kiss-ilmolia-bbw-type\/","title":{"rendered":"MISTLETOE KISS &#8211; BBW"},"content":{"rendered":"","protected":false},"excerpt":{"rendered":"<p>Mistletoe Kiss &#8211; Bath &amp; bodyworks,\u00a0<strong>ilmol\u00eda<\/strong><\/p>\n<p>Blanda af appels\u00ednum, mandar\u00ednum, kanilsykri &amp; krema\u00f0ri vanillu!<\/p>\n<p>&nbsp;<\/p>\n<p>&nbsp;<\/p>\n<p>ATH: Um er a\u00f0 r\u00e6\u00f0a ilmol\u00edu, myndin er til \u00feess eins a\u00f0 s\u00fdna um hva\u00f0a ilm er a\u00f0 r\u00e6\u00f0a.<\/p>\n<p>&nbsp;<\/p>","protected":false},"featured_media":43134,"comment_status":"closed","ping_status":"closed","template":"","meta":[],"product_brand":[],"product_cat":[197,108],"product_tag":[],"class_list":{"0":"post-52963","1":"product","2":"type-product","3":"status-publish","4":"has-post-thumbnail","6":"product_cat-jolaoliur-oliur","7":"product_cat-oliur","9":"first","10":"instock","11":"shipping-taxable","12":"purchasable","13":"product-type-simple"},"_links":{"self":[{"href":"https:\/\/ilmoliulampar.is\/en_gb\/wp-json\/wp\/v2\/product\/52963","targetHints":{"allow":["GET"]}}],"collection":[{"href":"https:\/\/ilmoliulampar.is\/en_gb\/wp-json\/wp\/v2\/product"}],"about":[{"href":"https:\/\/ilmoliulampar.is\/en_gb\/wp-json\/wp\/v2\/types\/product"}],"replies":[{"embeddable":true,"href":"https:\/\/ilmoliulampar.is\/en_gb\/wp-json\/wp\/v2\/comments?post=52963"}],"wp:featuredmedia":[{"embeddable":true,"href":"https:\/\/ilmoliulampar.is\/en_gb\/wp-json\/wp\/v2\/media\/43134"}],"wp:attachment":[{"href":"https:\/\/ilmoliulampar.is\/en_gb\/wp-json\/wp\/v2\/media?parent=52963"}],"wp:term":[{"taxonomy":"product_brand","embeddable":true,"href":"https:\/\/ilmoliulampar.is\/en_gb\/wp-json\/wp\/v2\/product_brand?post=52963"},{"taxonomy":"product_cat","embeddable":true,"href":"https:\/\/ilmoliulampar.is\/en_gb\/wp-json\/wp\/v2\/product_cat?post=52963"},{"taxonomy":"product_tag","embeddable":true,"href":"https:\/\/ilmoliulampar.is\/en_gb\/wp-json\/wp\/v2\/product_tag?post=52963"}],"curies":[{"name":"wp","href":"https:\/\/api.w.org\/{rel}","templated":true}]}}