{"id":52970,"date":"2021-11-17T18:06:51","date_gmt":"2021-11-17T18:06:51","guid":{"rendered":"https:\/\/new.ilmoliulampar.is\/product\/kim-kardashian-ilmolia\/"},"modified":"2026-03-11T13:44:54","modified_gmt":"2026-03-11T13:44:54","slug":"kim-kardashian-ilmolia","status":"publish","type":"product","link":"https:\/\/ilmoliulampar.is\/en_gb\/product\/kim-kardashian-ilmolia\/","title":{"rendered":"KIM KARDASHIAN"},"content":{"rendered":"","protected":false},"excerpt":{"rendered":"<p>Kim Kardashian\u00a0<strong>ilmol\u00edan<\/strong> lyktar alveg eins og ilmvatni\u00f0!<\/p>\n<p>Vi\u00f0arkenndur bl\u00f3mailmur, semsamanstendur af jasm\u00edn, t\u00faber\u00f3su,\u00a0 garden\u00edu, tonka-baunum og sandalwood.<br \/>\n10 ml glas.<\/p>\n<p>(ATH. um er a\u00f0 r\u00e6\u00f0a ilmol\u00edu, myndin er eing\u00f6ngu notu\u00f0 til \u00feess a\u00f0 s\u00fdna um hva\u00f0a ilm er a\u00f0 r\u00e6\u00f0a)<\/p>","protected":false},"featured_media":43164,"comment_status":"closed","ping_status":"closed","template":"","meta":[],"product_brand":[],"product_cat":[195,108],"product_tag":[],"class_list":{"0":"post-52970","1":"product","2":"type-product","3":"status-publish","4":"has-post-thumbnail","6":"product_cat-ilmoliur-oliur","7":"product_cat-oliur","9":"first","10":"instock","11":"shipping-taxable","12":"purchasable","13":"product-type-simple"},"_links":{"self":[{"href":"https:\/\/ilmoliulampar.is\/en_gb\/wp-json\/wp\/v2\/product\/52970","targetHints":{"allow":["GET"]}}],"collection":[{"href":"https:\/\/ilmoliulampar.is\/en_gb\/wp-json\/wp\/v2\/product"}],"about":[{"href":"https:\/\/ilmoliulampar.is\/en_gb\/wp-json\/wp\/v2\/types\/product"}],"replies":[{"embeddable":true,"href":"https:\/\/ilmoliulampar.is\/en_gb\/wp-json\/wp\/v2\/comments?post=52970"}],"wp:featuredmedia":[{"embeddable":true,"href":"https:\/\/ilmoliulampar.is\/en_gb\/wp-json\/wp\/v2\/media\/43164"}],"wp:attachment":[{"href":"https:\/\/ilmoliulampar.is\/en_gb\/wp-json\/wp\/v2\/media?parent=52970"}],"wp:term":[{"taxonomy":"product_brand","embeddable":true,"href":"https:\/\/ilmoliulampar.is\/en_gb\/wp-json\/wp\/v2\/product_brand?post=52970"},{"taxonomy":"product_cat","embeddable":true,"href":"https:\/\/ilmoliulampar.is\/en_gb\/wp-json\/wp\/v2\/product_cat?post=52970"},{"taxonomy":"product_tag","embeddable":true,"href":"https:\/\/ilmoliulampar.is\/en_gb\/wp-json\/wp\/v2\/product_tag?post=52970"}],"curies":[{"name":"wp","href":"https:\/\/api.w.org\/{rel}","templated":true}]}}