{"id":52978,"date":"2021-11-27T12:29:31","date_gmt":"2021-11-27T12:29:31","guid":{"rendered":"https:\/\/new.ilmoliulampar.is\/product\/led-kerti-sett-m-4-stk-fjarstyring\/"},"modified":"2026-02-05T17:19:19","modified_gmt":"2026-02-05T17:19:19","slug":"led-kerti-sett-m-4-stk-fjarstyring","status":"publish","type":"product","link":"https:\/\/ilmoliulampar.is\/en_gb\/product\/led-kerti-sett-m-4-stk-fjarstyring\/","title":{"rendered":"LED KERTI, SETT M\/ 4 STK, FJARST\u00ddRING &#8211; 6 LITIR"},"content":{"rendered":"","protected":false},"excerpt":{"rendered":"<p><strong>LED kerti me\u00f0 fjarst\u00fdringu!<\/strong><\/p>\n<p>4 stk \u00ed pakka.<\/p>\n<p>\u00c6\u00f0isleg kerti sem eru s\u00e9rstaklega e\u00f0lileg, me\u00f0 vaxkenndri \u00e1fer\u00f0. H\u00e6gt a\u00f0 stilla \u00e1 t\u00edmastillingu, eins velja hve margar klst skal vera kveikt \u00ed einu.<\/p>\n<p><strong>2 st\u00e6r\u00f0ir:<\/strong><\/p>\n<ul>\n<li><em>Minni &#8211; H\u00e6\u00f0: 10 cm, breidd: 6.5 cm<\/em><\/li>\n<li><em>St\u00e6rri &#8211; H\u00e6\u00f0: 15 cm, breidd: 7.5 cm\u00a0<\/em><\/li>\n<\/ul>\n<p>&nbsp;<\/p>\n<p>&nbsp;<\/p>\n<p>&nbsp;<\/p>\n<p>&nbsp;<\/p>\n<p>&nbsp;<\/p>\n<p>&nbsp;<\/p>\n<p>Hvert kerti \u00fearf 2x AAA batter\u00fd |\u00a0Batter\u00fd ekki innifalin<\/p>","protected":false},"featured_media":43191,"comment_status":"closed","ping_status":"closed","template":"","meta":[],"product_brand":[],"product_cat":[174,149],"product_tag":[],"class_list":{"0":"post-52978","1":"product","2":"type-product","3":"status-publish","4":"has-post-thumbnail","6":"product_cat-kubba-kerti","7":"product_cat-led-kerti","9":"first","10":"instock","11":"shipping-taxable","12":"purchasable","13":"product-type-variable"},"_links":{"self":[{"href":"https:\/\/ilmoliulampar.is\/en_gb\/wp-json\/wp\/v2\/product\/52978","targetHints":{"allow":["GET"]}}],"collection":[{"href":"https:\/\/ilmoliulampar.is\/en_gb\/wp-json\/wp\/v2\/product"}],"about":[{"href":"https:\/\/ilmoliulampar.is\/en_gb\/wp-json\/wp\/v2\/types\/product"}],"replies":[{"embeddable":true,"href":"https:\/\/ilmoliulampar.is\/en_gb\/wp-json\/wp\/v2\/comments?post=52978"}],"wp:featuredmedia":[{"embeddable":true,"href":"https:\/\/ilmoliulampar.is\/en_gb\/wp-json\/wp\/v2\/media\/43191"}],"wp:attachment":[{"href":"https:\/\/ilmoliulampar.is\/en_gb\/wp-json\/wp\/v2\/media?parent=52978"}],"wp:term":[{"taxonomy":"product_brand","embeddable":true,"href":"https:\/\/ilmoliulampar.is\/en_gb\/wp-json\/wp\/v2\/product_brand?post=52978"},{"taxonomy":"product_cat","embeddable":true,"href":"https:\/\/ilmoliulampar.is\/en_gb\/wp-json\/wp\/v2\/product_cat?post=52978"},{"taxonomy":"product_tag","embeddable":true,"href":"https:\/\/ilmoliulampar.is\/en_gb\/wp-json\/wp\/v2\/product_tag?post=52978"}],"curies":[{"name":"wp","href":"https:\/\/api.w.org\/{rel}","templated":true}]}}