{"id":52982,"date":"2021-11-28T14:38:38","date_gmt":"2021-11-28T14:38:38","guid":{"rendered":"https:\/\/new.ilmoliulampar.is\/product\/skrautperur-led-nokkrar-typur\/"},"modified":"2025-01-29T12:19:00","modified_gmt":"2025-01-29T12:19:00","slug":"skrautperur-led-nokkrar-typur","status":"publish","type":"product","link":"https:\/\/ilmoliulampar.is\/en_gb\/product\/skrautperur-led-nokkrar-typur\/","title":{"rendered":"Skrautperur, LED nokkrar t\u00fdpur"},"content":{"rendered":"","protected":false},"excerpt":{"rendered":"<blockquote><p>Vintage LED lj\u00f3saperur! \u00deessar eru &#8222;doldi\u00f0&#8220; miki\u00f0 flottar!  E27<\/p>\n<p><span style=\"font-size: 17px;\">F\u00e1anlegar \u00ed nokkrum ger\u00f0um: <\/span><br \/>\n<span style=\"font-size: 17px;\">&#8211; Stjarna <\/span><br \/>\n<span style=\"font-size: 17px;\">&#8211; Hjarta <\/span><br \/>\n<span style=\"font-size: 17px;\">&#8211; Hringl\u00f3tt\/ hrufl\u00f3tt<\/span><br \/>\n<span style=\"font-size: 17px;\">&#8211; Strawberry- l\u00f6gu\u00f0<\/span><br \/>\n<span style=\"font-size: 17px;\">&#8211; Pumpkin- l\u00f6gu\u00f0\u00a0<\/span><!--\/data\/user\/0\/com.samsung.android.app.notes\/files\/clipdata\/clipdata_bodytext_211128_143144_032.sdocx--><\/p>\n<p>&nbsp;<\/p>\n<p>&nbsp;<\/p>\n<p>&nbsp;<\/p>\n<p>&nbsp;<\/p>\n<p>&nbsp;<\/p>\n<p style=\"text-align: right;\">\n<\/blockquote>","protected":false},"featured_media":43224,"comment_status":"closed","ping_status":"open","template":"","meta":[],"product_brand":[],"product_cat":[112,225],"product_tag":[],"class_list":{"0":"post-52982","1":"product","2":"type-product","3":"status-publish","4":"has-post-thumbnail","6":"product_cat-adrar-vorur","7":"product_cat-led-perur-adrar-vorur","9":"first","10":"instock","11":"shipping-taxable","12":"purchasable","13":"product-type-variable"},"_links":{"self":[{"href":"https:\/\/ilmoliulampar.is\/en_gb\/wp-json\/wp\/v2\/product\/52982","targetHints":{"allow":["GET"]}}],"collection":[{"href":"https:\/\/ilmoliulampar.is\/en_gb\/wp-json\/wp\/v2\/product"}],"about":[{"href":"https:\/\/ilmoliulampar.is\/en_gb\/wp-json\/wp\/v2\/types\/product"}],"replies":[{"embeddable":true,"href":"https:\/\/ilmoliulampar.is\/en_gb\/wp-json\/wp\/v2\/comments?post=52982"}],"wp:featuredmedia":[{"embeddable":true,"href":"https:\/\/ilmoliulampar.is\/en_gb\/wp-json\/wp\/v2\/media\/43224"}],"wp:attachment":[{"href":"https:\/\/ilmoliulampar.is\/en_gb\/wp-json\/wp\/v2\/media?parent=52982"}],"wp:term":[{"taxonomy":"product_brand","embeddable":true,"href":"https:\/\/ilmoliulampar.is\/en_gb\/wp-json\/wp\/v2\/product_brand?post=52982"},{"taxonomy":"product_cat","embeddable":true,"href":"https:\/\/ilmoliulampar.is\/en_gb\/wp-json\/wp\/v2\/product_cat?post=52982"},{"taxonomy":"product_tag","embeddable":true,"href":"https:\/\/ilmoliulampar.is\/en_gb\/wp-json\/wp\/v2\/product_tag?post=52982"}],"curies":[{"name":"wp","href":"https:\/\/api.w.org\/{rel}","templated":true}]}}