{"id":53000,"date":"2021-12-05T21:58:41","date_gmt":"2021-12-05T21:58:41","guid":{"rendered":"https:\/\/new.ilmoliulampar.is\/product\/nomad-grar-thradlaus-ilmoliulampi\/"},"modified":"2026-01-30T14:13:05","modified_gmt":"2026-01-30T14:13:05","slug":"nomad-grar-thradlaus-ilmoliulampi","status":"publish","type":"product","link":"https:\/\/ilmoliulampar.is\/en_gb\/product\/nomad-grar-thradlaus-ilmoliulampi\/","title":{"rendered":"NOMAD &#8211; gr\u00e1r, \u00fer\u00e1\u00f0laus ilmol\u00edulampi"},"content":{"rendered":"","protected":false},"excerpt":{"rendered":"<p dir=\"ltr\">Sag\u00f0i einhver \u201e\u00fer\u00e1\u00f0laus ilmol\u00edulampi?\u201c<br \/>\nVell\u00ed\u00f0an, hreint loft &amp; ilmur \u00e1n takmarkana<\/p>\n<p dir=\"ltr\">NOMAD ilmol\u00edulampinn er \u00deR\u00c1\u00d0LAUS!<\/p>\n<p dir=\"ltr\">Nomad er tilvalinn \u00ed \u00feau r\u00fdmi \u00fear sem engin innstunga er!<br \/>\nEinnig til a\u00f0 snattast me\u00f0 hinga\u00f0 og \u00feanga\u00f0, \u00ed vinnunna, \u00e1 skrifbor\u00f0i\u00f0, \u00ed b\u00edlinn\u2026..\u00a0 bara hvert sem er!<\/p>\n<p dir=\"ltr\">Endurhla\u00f0anlegur me\u00f0 yfir 3,5 klst langri endingu &amp; d\u00e1samlegri, mj\u00fakri l\u00fdsingu.<br \/>\nHann er l\u00edtill, nettur &amp; einfaldur \u00ed notkun!<\/p>\n<p data-start=\"488\" data-end=\"759\">St\u00e6r\u00f0: \u03a6 7 x 15,5 cm<br \/>\n50 ml tankur<br \/>\n5V \/ 10W<\/p>","protected":false},"featured_media":43280,"comment_status":"closed","ping_status":"closed","template":"","meta":[],"product_brand":[],"product_cat":[182,107],"product_tag":[],"class_list":{"0":"post-53000","1":"product","2":"type-product","3":"status-publish","4":"has-post-thumbnail","6":"product_cat-ilmoliulampar","7":"product_cat-lampar","9":"first","10":"instock","11":"shipping-taxable","12":"purchasable","13":"product-type-simple"},"_links":{"self":[{"href":"https:\/\/ilmoliulampar.is\/en_gb\/wp-json\/wp\/v2\/product\/53000","targetHints":{"allow":["GET"]}}],"collection":[{"href":"https:\/\/ilmoliulampar.is\/en_gb\/wp-json\/wp\/v2\/product"}],"about":[{"href":"https:\/\/ilmoliulampar.is\/en_gb\/wp-json\/wp\/v2\/types\/product"}],"replies":[{"embeddable":true,"href":"https:\/\/ilmoliulampar.is\/en_gb\/wp-json\/wp\/v2\/comments?post=53000"}],"wp:featuredmedia":[{"embeddable":true,"href":"https:\/\/ilmoliulampar.is\/en_gb\/wp-json\/wp\/v2\/media\/43280"}],"wp:attachment":[{"href":"https:\/\/ilmoliulampar.is\/en_gb\/wp-json\/wp\/v2\/media?parent=53000"}],"wp:term":[{"taxonomy":"product_brand","embeddable":true,"href":"https:\/\/ilmoliulampar.is\/en_gb\/wp-json\/wp\/v2\/product_brand?post=53000"},{"taxonomy":"product_cat","embeddable":true,"href":"https:\/\/ilmoliulampar.is\/en_gb\/wp-json\/wp\/v2\/product_cat?post=53000"},{"taxonomy":"product_tag","embeddable":true,"href":"https:\/\/ilmoliulampar.is\/en_gb\/wp-json\/wp\/v2\/product_tag?post=53000"}],"curies":[{"name":"wp","href":"https:\/\/api.w.org\/{rel}","templated":true}]}}