{"id":53002,"date":"2021-12-07T14:31:22","date_gmt":"2021-12-07T14:31:22","guid":{"rendered":"https:\/\/new.ilmoliulampar.is\/product\/rihanna-nude-ilmolia\/"},"modified":"2026-02-10T12:22:17","modified_gmt":"2026-02-10T12:22:17","slug":"rihanna-nude-ilmolia","status":"publish","type":"product","link":"https:\/\/ilmoliulampar.is\/en_gb\/product\/rihanna-nude-ilmolia\/","title":{"rendered":"NUDE &#8211; RIHANNA"},"content":{"rendered":"","protected":false},"excerpt":{"rendered":"<p>Rihanna Nude<strong> ilmol\u00eda<\/strong><\/p>\n<p>S\u00e6t bl\u00f3m, \u00e1vaxtan\u00f3tur me\u00f0 \u00f6rlitlu af vanillu, \u00e1samt dass af vi\u00f0ar- &amp; Musk t\u00f3num.. Guava, mandar\u00ednur &amp; s\u00e6tar perur.<\/p>\n<p>&nbsp;<\/p>\n<p>( Ath, um er a\u00f0 r\u00e6\u00f0a ilmol\u00edu, myndin er a\u00f0eins notu\u00f0 til \u00feess a\u00f0 l\u00fdsa ilminum sem vi\u00f0 er \u00e1tt!)<\/p>","protected":false},"featured_media":43286,"comment_status":"closed","ping_status":"closed","template":"","meta":[],"product_brand":[],"product_cat":[195,108],"product_tag":[],"class_list":{"0":"post-53002","1":"product","2":"type-product","3":"status-publish","4":"has-post-thumbnail","6":"product_cat-ilmoliur-oliur","7":"product_cat-oliur","9":"first","10":"instock","11":"shipping-taxable","12":"purchasable","13":"product-type-simple"},"_links":{"self":[{"href":"https:\/\/ilmoliulampar.is\/en_gb\/wp-json\/wp\/v2\/product\/53002","targetHints":{"allow":["GET"]}}],"collection":[{"href":"https:\/\/ilmoliulampar.is\/en_gb\/wp-json\/wp\/v2\/product"}],"about":[{"href":"https:\/\/ilmoliulampar.is\/en_gb\/wp-json\/wp\/v2\/types\/product"}],"replies":[{"embeddable":true,"href":"https:\/\/ilmoliulampar.is\/en_gb\/wp-json\/wp\/v2\/comments?post=53002"}],"wp:featuredmedia":[{"embeddable":true,"href":"https:\/\/ilmoliulampar.is\/en_gb\/wp-json\/wp\/v2\/media\/43286"}],"wp:attachment":[{"href":"https:\/\/ilmoliulampar.is\/en_gb\/wp-json\/wp\/v2\/media?parent=53002"}],"wp:term":[{"taxonomy":"product_brand","embeddable":true,"href":"https:\/\/ilmoliulampar.is\/en_gb\/wp-json\/wp\/v2\/product_brand?post=53002"},{"taxonomy":"product_cat","embeddable":true,"href":"https:\/\/ilmoliulampar.is\/en_gb\/wp-json\/wp\/v2\/product_cat?post=53002"},{"taxonomy":"product_tag","embeddable":true,"href":"https:\/\/ilmoliulampar.is\/en_gb\/wp-json\/wp\/v2\/product_tag?post=53002"}],"curies":[{"name":"wp","href":"https:\/\/api.w.org\/{rel}","templated":true}]}}