{"id":53004,"date":"2021-12-07T16:28:40","date_gmt":"2021-12-07T16:28:40","guid":{"rendered":"https:\/\/new.ilmoliulampar.is\/product\/al-kerta-hringur-a-standi\/"},"modified":"2026-02-09T15:52:23","modified_gmt":"2026-02-09T15:52:23","slug":"al-kerta-hringur-a-standi","status":"publish","type":"product","link":"https:\/\/ilmoliulampar.is\/en_gb\/product\/al-kerta-hringur-a-standi\/","title":{"rendered":"\u00c1l kerta-hringur \u00e1 standi &#8211; 50% AFSL\u00c1TTUR"},"content":{"rendered":"","protected":false},"excerpt":{"rendered":"<p>Fallegur svartur \u00e1lhringur fyrir kerti.<\/p>\n<p>40 cm<\/p>\n<p>&nbsp;<\/p>","protected":false},"featured_media":43292,"comment_status":"closed","ping_status":"closed","template":"","meta":[],"product_brand":[],"product_cat":[112,132,121],"product_tag":[],"class_list":{"0":"post-53004","1":"product","2":"type-product","3":"status-publish","4":"has-post-thumbnail","6":"product_cat-adrar-vorur","7":"product_cat-heimilid-2","8":"product_cat-tilbod-adrar-vorur","10":"first","11":"instock","12":"sale","13":"shipping-taxable","14":"purchasable","15":"product-type-simple"},"_links":{"self":[{"href":"https:\/\/ilmoliulampar.is\/en_gb\/wp-json\/wp\/v2\/product\/53004","targetHints":{"allow":["GET"]}}],"collection":[{"href":"https:\/\/ilmoliulampar.is\/en_gb\/wp-json\/wp\/v2\/product"}],"about":[{"href":"https:\/\/ilmoliulampar.is\/en_gb\/wp-json\/wp\/v2\/types\/product"}],"replies":[{"embeddable":true,"href":"https:\/\/ilmoliulampar.is\/en_gb\/wp-json\/wp\/v2\/comments?post=53004"}],"wp:featuredmedia":[{"embeddable":true,"href":"https:\/\/ilmoliulampar.is\/en_gb\/wp-json\/wp\/v2\/media\/43292"}],"wp:attachment":[{"href":"https:\/\/ilmoliulampar.is\/en_gb\/wp-json\/wp\/v2\/media?parent=53004"}],"wp:term":[{"taxonomy":"product_brand","embeddable":true,"href":"https:\/\/ilmoliulampar.is\/en_gb\/wp-json\/wp\/v2\/product_brand?post=53004"},{"taxonomy":"product_cat","embeddable":true,"href":"https:\/\/ilmoliulampar.is\/en_gb\/wp-json\/wp\/v2\/product_cat?post=53004"},{"taxonomy":"product_tag","embeddable":true,"href":"https:\/\/ilmoliulampar.is\/en_gb\/wp-json\/wp\/v2\/product_tag?post=53004"}],"curies":[{"name":"wp","href":"https:\/\/api.w.org\/{rel}","templated":true}]}}