{"id":53017,"date":"2021-12-10T12:33:54","date_gmt":"2021-12-10T12:33:54","guid":{"rendered":"https:\/\/new.ilmoliulampar.is\/product\/bombshell-vs-type-ilmolia\/"},"modified":"2026-03-11T13:54:47","modified_gmt":"2026-03-11T13:54:47","slug":"bombshell-vs-type-ilmolia","status":"publish","type":"product","link":"https:\/\/ilmoliulampar.is\/en_gb\/product\/bombshell-vs-type-ilmolia\/","title":{"rendered":"BOMBSHELL &#8211; VS"},"content":{"rendered":"","protected":false},"excerpt":{"rendered":"<p>Bomshell VS type &#8211;\u00a0<strong><em>ilmol\u00eda<\/em><\/strong><\/p>\n<p>&nbsp;<\/p>\n<p>\u00c6\u00f0islegur \u00e1vaxtailmur, blanda af s\u00edtrus, brasil\u00edsku \u00e1staraldin, vanillu, orkid\u00edu &amp; pine, ni\u00f0ursta\u00f0an ver\u00f0ur bjartur, sj\u00e1lfs\u00f6ruggur &amp; s\u00f3lskins ilmur!<\/p>\n<p>&nbsp;<\/p>\n<p>&nbsp;<\/p>\n<p>&nbsp;<\/p>\n<p><em>(ATH um er a\u00f0 r\u00e6\u00f0a ilmol\u00edu, myndin er til \u00feess notu\u00f0 til a\u00f0 l\u00fdsa ilminum sem vi\u00f0 er \u00e1tt)<\/em><\/p>","protected":false},"featured_media":43331,"comment_status":"closed","ping_status":"closed","template":"","meta":[],"product_brand":[],"product_cat":[195,108],"product_tag":[],"class_list":{"0":"post-53017","1":"product","2":"type-product","3":"status-publish","4":"has-post-thumbnail","6":"product_cat-ilmoliur-oliur","7":"product_cat-oliur","9":"first","10":"instock","11":"shipping-taxable","12":"purchasable","13":"product-type-simple"},"_links":{"self":[{"href":"https:\/\/ilmoliulampar.is\/en_gb\/wp-json\/wp\/v2\/product\/53017","targetHints":{"allow":["GET"]}}],"collection":[{"href":"https:\/\/ilmoliulampar.is\/en_gb\/wp-json\/wp\/v2\/product"}],"about":[{"href":"https:\/\/ilmoliulampar.is\/en_gb\/wp-json\/wp\/v2\/types\/product"}],"replies":[{"embeddable":true,"href":"https:\/\/ilmoliulampar.is\/en_gb\/wp-json\/wp\/v2\/comments?post=53017"}],"wp:featuredmedia":[{"embeddable":true,"href":"https:\/\/ilmoliulampar.is\/en_gb\/wp-json\/wp\/v2\/media\/43331"}],"wp:attachment":[{"href":"https:\/\/ilmoliulampar.is\/en_gb\/wp-json\/wp\/v2\/media?parent=53017"}],"wp:term":[{"taxonomy":"product_brand","embeddable":true,"href":"https:\/\/ilmoliulampar.is\/en_gb\/wp-json\/wp\/v2\/product_brand?post=53017"},{"taxonomy":"product_cat","embeddable":true,"href":"https:\/\/ilmoliulampar.is\/en_gb\/wp-json\/wp\/v2\/product_cat?post=53017"},{"taxonomy":"product_tag","embeddable":true,"href":"https:\/\/ilmoliulampar.is\/en_gb\/wp-json\/wp\/v2\/product_tag?post=53017"}],"curies":[{"name":"wp","href":"https:\/\/api.w.org\/{rel}","templated":true}]}}