{"id":53019,"date":"2021-12-10T15:22:36","date_gmt":"2021-12-10T15:22:36","guid":{"rendered":"https:\/\/new.ilmoliulampar.is\/product\/egyptian-musk\/"},"modified":"2026-03-11T14:22:38","modified_gmt":"2026-03-11T14:22:38","slug":"egyptian-musk","status":"publish","type":"product","link":"https:\/\/ilmoliulampar.is\/en_gb\/product\/egyptian-musk\/","title":{"rendered":"EGYPTIAN MUSK"},"content":{"rendered":"","protected":false},"excerpt":{"rendered":"<p>Egyptian Musk ilmol\u00eda<\/p>\n<p>Mj\u00f6g mild og hreinleg, l\u00edtill ilmur! Svol\u00edti\u00f0 eins og \u00fea\u00f0 s\u00e9 allt bara extra hreint \u00ed kringum mann!<\/p>\n<p>&nbsp;<\/p>","protected":false},"featured_media":43337,"comment_status":"closed","ping_status":"closed","template":"","meta":[],"product_brand":[],"product_cat":[195,209,108],"product_tag":[],"class_list":{"0":"post-53019","1":"product","2":"type-product","3":"status-publish","4":"has-post-thumbnail","6":"product_cat-ilmoliur-oliur","7":"product_cat-nyjar-oliur-oliur","8":"product_cat-oliur","10":"first","11":"instock","12":"shipping-taxable","13":"purchasable","14":"product-type-simple"},"_links":{"self":[{"href":"https:\/\/ilmoliulampar.is\/en_gb\/wp-json\/wp\/v2\/product\/53019","targetHints":{"allow":["GET"]}}],"collection":[{"href":"https:\/\/ilmoliulampar.is\/en_gb\/wp-json\/wp\/v2\/product"}],"about":[{"href":"https:\/\/ilmoliulampar.is\/en_gb\/wp-json\/wp\/v2\/types\/product"}],"replies":[{"embeddable":true,"href":"https:\/\/ilmoliulampar.is\/en_gb\/wp-json\/wp\/v2\/comments?post=53019"}],"wp:featuredmedia":[{"embeddable":true,"href":"https:\/\/ilmoliulampar.is\/en_gb\/wp-json\/wp\/v2\/media\/43337"}],"wp:attachment":[{"href":"https:\/\/ilmoliulampar.is\/en_gb\/wp-json\/wp\/v2\/media?parent=53019"}],"wp:term":[{"taxonomy":"product_brand","embeddable":true,"href":"https:\/\/ilmoliulampar.is\/en_gb\/wp-json\/wp\/v2\/product_brand?post=53019"},{"taxonomy":"product_cat","embeddable":true,"href":"https:\/\/ilmoliulampar.is\/en_gb\/wp-json\/wp\/v2\/product_cat?post=53019"},{"taxonomy":"product_tag","embeddable":true,"href":"https:\/\/ilmoliulampar.is\/en_gb\/wp-json\/wp\/v2\/product_tag?post=53019"}],"curies":[{"name":"wp","href":"https:\/\/api.w.org\/{rel}","templated":true}]}}