{"id":53024,"date":"2021-12-11T12:36:49","date_gmt":"2021-12-11T12:36:49","guid":{"rendered":"https:\/\/new.ilmoliulampar.is\/product\/vanilla-bean-marsmallow\/"},"modified":"2026-02-10T12:21:57","modified_gmt":"2026-02-10T12:21:57","slug":"vanilla-bean-marsmallow","status":"publish","type":"product","link":"https:\/\/ilmoliulampar.is\/en_gb\/product\/vanilla-bean-marsmallow\/","title":{"rendered":"VANILLA BEAN MARSHMALLOW &#8211; BBW"},"content":{"rendered":"","protected":false},"excerpt":{"rendered":"<p>Vanilla Bean Marsmallow B&amp;BW\u00a0 ilmol\u00eda<\/p>\n<p>\u00c6\u00f0islega mj\u00fakur vanillu ilmur&#8230; Vanilla \u00ed bland vi\u00f0 sykurs\u00e6ta heimager\u00f0a sykurp\u00fa\u00f0a! NAMM!<\/p>\n<p><em>Bergam\u00f3t, an\u00eds &amp; lakkr\u00eds \u00ed bland vi\u00f0 sykur og sykurp\u00fa\u00f0a, sm\u00e1 musk, krema\u00f0a vanillu &amp; amber.<\/em><\/p>\n<p>&nbsp;<\/p>\n<p>(Ath, um er a\u00f0 r\u00e6\u00f0a ilmol\u00edu, myndin er eing\u00f6ngu notu\u00f0 til a\u00f0 l\u00fdsa ilminum sem vi\u00f0 er \u00e1tt)<\/p>","protected":false},"featured_media":43352,"comment_status":"closed","ping_status":"closed","template":"","meta":[],"product_brand":[],"product_cat":[195,108],"product_tag":[],"class_list":{"0":"post-53024","1":"product","2":"type-product","3":"status-publish","4":"has-post-thumbnail","6":"product_cat-ilmoliur-oliur","7":"product_cat-oliur","9":"first","10":"outofstock","11":"shipping-taxable","12":"purchasable","13":"product-type-simple"},"_links":{"self":[{"href":"https:\/\/ilmoliulampar.is\/en_gb\/wp-json\/wp\/v2\/product\/53024","targetHints":{"allow":["GET"]}}],"collection":[{"href":"https:\/\/ilmoliulampar.is\/en_gb\/wp-json\/wp\/v2\/product"}],"about":[{"href":"https:\/\/ilmoliulampar.is\/en_gb\/wp-json\/wp\/v2\/types\/product"}],"replies":[{"embeddable":true,"href":"https:\/\/ilmoliulampar.is\/en_gb\/wp-json\/wp\/v2\/comments?post=53024"}],"wp:featuredmedia":[{"embeddable":true,"href":"https:\/\/ilmoliulampar.is\/en_gb\/wp-json\/wp\/v2\/media\/43352"}],"wp:attachment":[{"href":"https:\/\/ilmoliulampar.is\/en_gb\/wp-json\/wp\/v2\/media?parent=53024"}],"wp:term":[{"taxonomy":"product_brand","embeddable":true,"href":"https:\/\/ilmoliulampar.is\/en_gb\/wp-json\/wp\/v2\/product_brand?post=53024"},{"taxonomy":"product_cat","embeddable":true,"href":"https:\/\/ilmoliulampar.is\/en_gb\/wp-json\/wp\/v2\/product_cat?post=53024"},{"taxonomy":"product_tag","embeddable":true,"href":"https:\/\/ilmoliulampar.is\/en_gb\/wp-json\/wp\/v2\/product_tag?post=53024"}],"curies":[{"name":"wp","href":"https:\/\/api.w.org\/{rel}","templated":true}]}}