{"id":53025,"date":"2021-12-11T12:45:55","date_gmt":"2021-12-11T12:45:55","guid":{"rendered":"https:\/\/new.ilmoliulampar.is\/product\/zen-ilmolia\/"},"modified":"2026-03-11T14:26:21","modified_gmt":"2026-03-11T14:26:21","slug":"zen-ilmolia","status":"publish","type":"product","link":"https:\/\/ilmoliulampar.is\/en_gb\/product\/zen-ilmolia\/","title":{"rendered":"ZEN"},"content":{"rendered":"","protected":false},"excerpt":{"rendered":"<p>ZEN er d\u00e1samlega hreinlegur, mj\u00fakur og l\u00e9ttur ilmur! &#8230; Svona eins og a\u00f0 koma inn \u00ed l\u00faxus SPA, finnur hreinan, mj\u00fakan &amp; slakandi ilm sem erfitt er a\u00f0 \u00fatsk\u00fdra!<\/p>\n<p>Blanda af s\u00e6tum appels\u00ednum, mandar\u00ednuberki &amp; g\u00farku-vatni \u00e1samt Hoya-laufum, aloevera, sandalwood &amp; sage.<\/p>","protected":false},"featured_media":43357,"comment_status":"closed","ping_status":"closed","template":"","meta":[],"product_brand":[],"product_cat":[195,209,108],"product_tag":[],"class_list":{"0":"post-53025","1":"product","2":"type-product","3":"status-publish","4":"has-post-thumbnail","6":"product_cat-ilmoliur-oliur","7":"product_cat-nyjar-oliur-oliur","8":"product_cat-oliur","10":"first","11":"instock","12":"shipping-taxable","13":"purchasable","14":"product-type-simple"},"_links":{"self":[{"href":"https:\/\/ilmoliulampar.is\/en_gb\/wp-json\/wp\/v2\/product\/53025","targetHints":{"allow":["GET"]}}],"collection":[{"href":"https:\/\/ilmoliulampar.is\/en_gb\/wp-json\/wp\/v2\/product"}],"about":[{"href":"https:\/\/ilmoliulampar.is\/en_gb\/wp-json\/wp\/v2\/types\/product"}],"replies":[{"embeddable":true,"href":"https:\/\/ilmoliulampar.is\/en_gb\/wp-json\/wp\/v2\/comments?post=53025"}],"wp:featuredmedia":[{"embeddable":true,"href":"https:\/\/ilmoliulampar.is\/en_gb\/wp-json\/wp\/v2\/media\/43357"}],"wp:attachment":[{"href":"https:\/\/ilmoliulampar.is\/en_gb\/wp-json\/wp\/v2\/media?parent=53025"}],"wp:term":[{"taxonomy":"product_brand","embeddable":true,"href":"https:\/\/ilmoliulampar.is\/en_gb\/wp-json\/wp\/v2\/product_brand?post=53025"},{"taxonomy":"product_cat","embeddable":true,"href":"https:\/\/ilmoliulampar.is\/en_gb\/wp-json\/wp\/v2\/product_cat?post=53025"},{"taxonomy":"product_tag","embeddable":true,"href":"https:\/\/ilmoliulampar.is\/en_gb\/wp-json\/wp\/v2\/product_tag?post=53025"}],"curies":[{"name":"wp","href":"https:\/\/api.w.org\/{rel}","templated":true}]}}