{"id":53027,"date":"2021-12-11T18:58:41","date_gmt":"2021-12-11T18:58:41","guid":{"rendered":"https:\/\/new.ilmoliulampar.is\/product\/mysa-ilmoliulampi-2-oliur\/"},"modified":"2026-04-15T20:49:21","modified_gmt":"2026-04-15T20:49:21","slug":"mysa-ilmoliulampi-2-oliur","status":"publish","type":"product","link":"https:\/\/ilmoliulampar.is\/en_gb\/product\/mysa-ilmoliulampi-2-oliur\/","title":{"rendered":"MYSA ilmol\u00edulampinn \u00e1samt 2 vins\u00e6lum ol\u00edum"},"content":{"rendered":"","protected":false},"excerpt":{"rendered":"<p dir=\"ltr\">MYSA ilmol\u00edulampinn dregur innbl\u00e1stur sinn fr\u00e1 skandinav\u00edu &#8211; enda \u00fe\u00fd\u00f0ir or\u00f0i\u00f0 &#8222;mysa&#8220; = K\u00f3s\u00fd \u00e1 s\u00e6nsku.<\/p>\n<p dir=\"ltr\">MYSA kemur me\u00f0 2x vins\u00e6lustu ilmol\u00edunum okkar, Black &amp; Fresh Linen, fylgja me\u00f0 \u00ed kassanum!<\/p>\n<p dir=\"ltr\">Allt a\u00f0 12 klst ending \u00e1 fullum vatnstanki.<\/p>\n<p dir=\"ltr\">MYSA er rakat\u00e6ki \u2013 j\u00f3nat\u00e6ki \u2013 hreinsun \u00e1 lofti \u2013 ilmgjafi ef vill og l\u00edti\u00f0 fallegt lj\u00f3s.<\/p>\n<p dir=\"ltr\">St\u00e6r\u00f0 16,8 x 9,6 cm<\/p>","protected":false},"featured_media":43371,"comment_status":"closed","ping_status":"closed","template":"","meta":[],"product_brand":[],"product_cat":[182,107],"product_tag":[],"class_list":{"0":"post-53027","1":"product","2":"type-product","3":"status-publish","4":"has-post-thumbnail","6":"product_cat-ilmoliulampar","7":"product_cat-lampar","9":"first","10":"instock","11":"shipping-taxable","12":"purchasable","13":"product-type-simple"},"_links":{"self":[{"href":"https:\/\/ilmoliulampar.is\/en_gb\/wp-json\/wp\/v2\/product\/53027","targetHints":{"allow":["GET"]}}],"collection":[{"href":"https:\/\/ilmoliulampar.is\/en_gb\/wp-json\/wp\/v2\/product"}],"about":[{"href":"https:\/\/ilmoliulampar.is\/en_gb\/wp-json\/wp\/v2\/types\/product"}],"replies":[{"embeddable":true,"href":"https:\/\/ilmoliulampar.is\/en_gb\/wp-json\/wp\/v2\/comments?post=53027"}],"wp:featuredmedia":[{"embeddable":true,"href":"https:\/\/ilmoliulampar.is\/en_gb\/wp-json\/wp\/v2\/media\/43371"}],"wp:attachment":[{"href":"https:\/\/ilmoliulampar.is\/en_gb\/wp-json\/wp\/v2\/media?parent=53027"}],"wp:term":[{"taxonomy":"product_brand","embeddable":true,"href":"https:\/\/ilmoliulampar.is\/en_gb\/wp-json\/wp\/v2\/product_brand?post=53027"},{"taxonomy":"product_cat","embeddable":true,"href":"https:\/\/ilmoliulampar.is\/en_gb\/wp-json\/wp\/v2\/product_cat?post=53027"},{"taxonomy":"product_tag","embeddable":true,"href":"https:\/\/ilmoliulampar.is\/en_gb\/wp-json\/wp\/v2\/product_tag?post=53027"}],"curies":[{"name":"wp","href":"https:\/\/api.w.org\/{rel}","templated":true}]}}