{"id":53036,"date":"2021-12-28T13:02:36","date_gmt":"2021-12-28T13:02:36","guid":{"rendered":"https:\/\/new.ilmoliulampar.is\/product\/zolo-lux-ilmolia\/"},"modified":"2026-02-10T12:30:24","modified_gmt":"2026-02-10T12:30:24","slug":"zolo-lux-ilmolia","status":"publish","type":"product","link":"https:\/\/ilmoliulampar.is\/en_gb\/product\/zolo-lux-ilmolia\/","title":{"rendered":"L\u00daX &#8211; ZOLO"},"content":{"rendered":"","protected":false},"excerpt":{"rendered":"<p>L\u00daX ilmurinn samanstendur af ferskum hindberjum og l\u00e9ttum n\u00f3tum af ananas, ferskjum &amp; s\u00e6tum, safar\u00edkum jar\u00f0aberjum, \u00ed bland vi\u00f0 Saffron og Jasm\u00edn, og ekki n\u00f3g me\u00f0 \u00fea\u00f0 heldur inniheldur hann einnig hv\u00edtan moskus (white musk) og indverskan vi\u00f0, sem minnir \u00e1 \u00a0ilminn af Indversku sk\u00f3glendi eftir mikla rigningu, sem er s\u00e6tur og uppl\u00edfgandi gr\u00f3\u00f0ur\/jar\u00f0ar ilmur, hreint \u00fat sagt d\u00e1samlegur, f\u00e6r\u00f0 svona \u00e1 tilfinninguna eins og \u00feegar \u00fe\u00fa gengur \u00ed gegnum gr\u00f3\u00f0urmiki\u00f0 sk\u00f3glendi sem ilmar af furun\u00e1lum, Sandalwood, Cedarwood og Vetivera.<\/p>","protected":false},"featured_media":43406,"comment_status":"closed","ping_status":"closed","template":"","meta":[],"product_brand":[],"product_cat":[195,108],"product_tag":[],"class_list":{"0":"post-53036","1":"product","2":"type-product","3":"status-publish","4":"has-post-thumbnail","6":"product_cat-ilmoliur-oliur","7":"product_cat-oliur","9":"first","10":"instock","11":"shipping-taxable","12":"purchasable","13":"product-type-simple"},"_links":{"self":[{"href":"https:\/\/ilmoliulampar.is\/en_gb\/wp-json\/wp\/v2\/product\/53036","targetHints":{"allow":["GET"]}}],"collection":[{"href":"https:\/\/ilmoliulampar.is\/en_gb\/wp-json\/wp\/v2\/product"}],"about":[{"href":"https:\/\/ilmoliulampar.is\/en_gb\/wp-json\/wp\/v2\/types\/product"}],"replies":[{"embeddable":true,"href":"https:\/\/ilmoliulampar.is\/en_gb\/wp-json\/wp\/v2\/comments?post=53036"}],"wp:featuredmedia":[{"embeddable":true,"href":"https:\/\/ilmoliulampar.is\/en_gb\/wp-json\/wp\/v2\/media\/43406"}],"wp:attachment":[{"href":"https:\/\/ilmoliulampar.is\/en_gb\/wp-json\/wp\/v2\/media?parent=53036"}],"wp:term":[{"taxonomy":"product_brand","embeddable":true,"href":"https:\/\/ilmoliulampar.is\/en_gb\/wp-json\/wp\/v2\/product_brand?post=53036"},{"taxonomy":"product_cat","embeddable":true,"href":"https:\/\/ilmoliulampar.is\/en_gb\/wp-json\/wp\/v2\/product_cat?post=53036"},{"taxonomy":"product_tag","embeddable":true,"href":"https:\/\/ilmoliulampar.is\/en_gb\/wp-json\/wp\/v2\/product_tag?post=53036"}],"curies":[{"name":"wp","href":"https:\/\/api.w.org\/{rel}","templated":true}]}}