{"id":53039,"date":"2022-01-10T17:55:03","date_gmt":"2022-01-10T17:55:03","guid":{"rendered":"https:\/\/new.ilmoliulampar.is\/product\/skraut-pudi-45-cm-2-litir\/"},"modified":"2024-02-01T15:15:17","modified_gmt":"2024-02-01T15:15:17","slug":"skraut-pudi-45-cm-2-litir","status":"publish","type":"product","link":"https:\/\/ilmoliulampar.is\/en_gb\/product\/skraut-pudi-45-cm-2-litir\/","title":{"rendered":"Skraut p\u00fa\u00f0i 45 cm, 2 litir"},"content":{"rendered":"","protected":false},"excerpt":{"rendered":"<p>\u00c6\u00f0islegur skrautp\u00fa\u00f0i me\u00f0 k\u00f6gri.<\/p>\n<p>St\u00e6r\u00f0: 45 cm<\/p>\n<p>100% Polyester<\/p>\n<p>2 litir: Bleikur &amp; gylltur<\/p>\n<p>&nbsp;<\/p>\n<p><img fetchpriority=\"high\" decoding=\"async\" class=\"alignnone size-medium wp-image-17330\" src=\"https:\/\/ilmoliulampar.is\/\/wp-content\/uploads\/2022\/01\/47400_g-300x300.jpg\" alt=\"\" width=\"300\" height=\"300\" \/><\/p>\n<p><img decoding=\"async\" class=\"alignnone  wp-image-17331\" src=\"https:\/\/ilmoliulampar.is\/\/wp-content\/uploads\/2022\/01\/47079_g-300x300.jpg\" alt=\"\" width=\"385\" height=\"385\" \/><\/p>","protected":false},"featured_media":43417,"comment_status":"closed","ping_status":"open","template":"","meta":[],"product_brand":[],"product_cat":[112,132],"product_tag":[],"class_list":{"0":"post-53039","1":"product","2":"type-product","3":"status-publish","4":"has-post-thumbnail","6":"product_cat-adrar-vorur","7":"product_cat-heimilid-2","9":"first","10":"instock","11":"shipping-taxable","12":"purchasable","13":"product-type-variable"},"_links":{"self":[{"href":"https:\/\/ilmoliulampar.is\/en_gb\/wp-json\/wp\/v2\/product\/53039","targetHints":{"allow":["GET"]}}],"collection":[{"href":"https:\/\/ilmoliulampar.is\/en_gb\/wp-json\/wp\/v2\/product"}],"about":[{"href":"https:\/\/ilmoliulampar.is\/en_gb\/wp-json\/wp\/v2\/types\/product"}],"replies":[{"embeddable":true,"href":"https:\/\/ilmoliulampar.is\/en_gb\/wp-json\/wp\/v2\/comments?post=53039"}],"wp:featuredmedia":[{"embeddable":true,"href":"https:\/\/ilmoliulampar.is\/en_gb\/wp-json\/wp\/v2\/media\/43417"}],"wp:attachment":[{"href":"https:\/\/ilmoliulampar.is\/en_gb\/wp-json\/wp\/v2\/media?parent=53039"}],"wp:term":[{"taxonomy":"product_brand","embeddable":true,"href":"https:\/\/ilmoliulampar.is\/en_gb\/wp-json\/wp\/v2\/product_brand?post=53039"},{"taxonomy":"product_cat","embeddable":true,"href":"https:\/\/ilmoliulampar.is\/en_gb\/wp-json\/wp\/v2\/product_cat?post=53039"},{"taxonomy":"product_tag","embeddable":true,"href":"https:\/\/ilmoliulampar.is\/en_gb\/wp-json\/wp\/v2\/product_tag?post=53039"}],"curies":[{"name":"wp","href":"https:\/\/api.w.org\/{rel}","templated":true}]}}