{"id":53043,"date":"2022-01-11T17:35:30","date_gmt":"2022-01-11T17:35:30","guid":{"rendered":"https:\/\/new.ilmoliulampar.is\/product\/svartur-metal-blomapottur\/"},"modified":"2024-03-26T14:14:42","modified_gmt":"2024-03-26T14:14:42","slug":"svartur-metal-blomapottur","status":"publish","type":"product","link":"https:\/\/ilmoliulampar.is\/en_gb\/product\/svartur-metal-blomapottur\/","title":{"rendered":"Svartur metal bl\u00f3mapottur"},"content":{"rendered":"","protected":false},"excerpt":{"rendered":"<p>Fallegur og st\u00edlhreinn st\u00e1lbl\u00f3mapottur + standur.<\/p>\n<p>Litur: Svartur, mattur<\/p>\n<p>St\u00e6r\u00f0: 37 x 28 cm<\/p>","protected":false},"featured_media":43433,"comment_status":"closed","ping_status":"open","template":"","meta":[],"product_brand":[],"product_cat":[112,132],"product_tag":[],"class_list":{"0":"post-53043","1":"product","2":"type-product","3":"status-publish","4":"has-post-thumbnail","6":"product_cat-adrar-vorur","7":"product_cat-heimilid-2","9":"first","10":"instock","11":"shipping-taxable","12":"purchasable","13":"product-type-simple"},"_links":{"self":[{"href":"https:\/\/ilmoliulampar.is\/en_gb\/wp-json\/wp\/v2\/product\/53043","targetHints":{"allow":["GET"]}}],"collection":[{"href":"https:\/\/ilmoliulampar.is\/en_gb\/wp-json\/wp\/v2\/product"}],"about":[{"href":"https:\/\/ilmoliulampar.is\/en_gb\/wp-json\/wp\/v2\/types\/product"}],"replies":[{"embeddable":true,"href":"https:\/\/ilmoliulampar.is\/en_gb\/wp-json\/wp\/v2\/comments?post=53043"}],"wp:featuredmedia":[{"embeddable":true,"href":"https:\/\/ilmoliulampar.is\/en_gb\/wp-json\/wp\/v2\/media\/43433"}],"wp:attachment":[{"href":"https:\/\/ilmoliulampar.is\/en_gb\/wp-json\/wp\/v2\/media?parent=53043"}],"wp:term":[{"taxonomy":"product_brand","embeddable":true,"href":"https:\/\/ilmoliulampar.is\/en_gb\/wp-json\/wp\/v2\/product_brand?post=53043"},{"taxonomy":"product_cat","embeddable":true,"href":"https:\/\/ilmoliulampar.is\/en_gb\/wp-json\/wp\/v2\/product_cat?post=53043"},{"taxonomy":"product_tag","embeddable":true,"href":"https:\/\/ilmoliulampar.is\/en_gb\/wp-json\/wp\/v2\/product_tag?post=53043"}],"curies":[{"name":"wp","href":"https:\/\/api.w.org\/{rel}","templated":true}]}}