{"id":53052,"date":"2022-01-12T13:07:28","date_gmt":"2022-01-12T13:07:28","guid":{"rendered":"https:\/\/new.ilmoliulampar.is\/product\/hangandi-ljos-colette-m-hvitum-marmara-gull\/"},"modified":"2023-06-24T15:47:03","modified_gmt":"2023-06-24T15:47:03","slug":"hangandi-ljos-colette-m-hvitum-marmara-gull","status":"publish","type":"product","link":"https:\/\/ilmoliulampar.is\/en_gb\/product\/hangandi-ljos-colette-m-hvitum-marmara-gull\/","title":{"rendered":"Hangandi lj\u00f3s &#8211; Colette m\/ hv\u00edtum marmara , gull"},"content":{"rendered":"","protected":false},"excerpt":{"rendered":"<p>Hangandi lj\u00f3s, Colette, fallegt og st\u00edlhreint loftlj\u00f3s \u00far \u00e1li, gyllt m\/hv\u00edtri marmarak\u00falu.<\/p>\n<p>&nbsp;<\/p>\n<p>St\u00e6r\u00f0 \u00e1 lj\u00f3si: \u00a05 x 14,2 cm<\/p>\n<p>Kapall\/sn\u00fara: Lengd 2 metrar<\/p>\n<p>&nbsp;<\/p>\n<p>Perust\u00e6\u00f0i: E27, Max 15W &#8211; Lj\u00f3si\u00f0 er \u00e1n lj\u00f3saperu.<\/p>","protected":false},"featured_media":43472,"comment_status":"closed","ping_status":"closed","template":"","meta":[],"product_brand":[],"product_cat":[150],"product_tag":[],"class_list":{"0":"post-53052","1":"product","2":"type-product","3":"status-publish","4":"has-post-thumbnail","6":"product_cat-skilabod-i-peru-og-lampar","8":"first","9":"instock","10":"shipping-taxable","11":"purchasable","12":"product-type-simple"},"_links":{"self":[{"href":"https:\/\/ilmoliulampar.is\/en_gb\/wp-json\/wp\/v2\/product\/53052","targetHints":{"allow":["GET"]}}],"collection":[{"href":"https:\/\/ilmoliulampar.is\/en_gb\/wp-json\/wp\/v2\/product"}],"about":[{"href":"https:\/\/ilmoliulampar.is\/en_gb\/wp-json\/wp\/v2\/types\/product"}],"replies":[{"embeddable":true,"href":"https:\/\/ilmoliulampar.is\/en_gb\/wp-json\/wp\/v2\/comments?post=53052"}],"wp:featuredmedia":[{"embeddable":true,"href":"https:\/\/ilmoliulampar.is\/en_gb\/wp-json\/wp\/v2\/media\/43472"}],"wp:attachment":[{"href":"https:\/\/ilmoliulampar.is\/en_gb\/wp-json\/wp\/v2\/media?parent=53052"}],"wp:term":[{"taxonomy":"product_brand","embeddable":true,"href":"https:\/\/ilmoliulampar.is\/en_gb\/wp-json\/wp\/v2\/product_brand?post=53052"},{"taxonomy":"product_cat","embeddable":true,"href":"https:\/\/ilmoliulampar.is\/en_gb\/wp-json\/wp\/v2\/product_cat?post=53052"},{"taxonomy":"product_tag","embeddable":true,"href":"https:\/\/ilmoliulampar.is\/en_gb\/wp-json\/wp\/v2\/product_tag?post=53052"}],"curies":[{"name":"wp","href":"https:\/\/api.w.org\/{rel}","templated":true}]}}