{"id":53054,"date":"2022-01-12T13:12:02","date_gmt":"2022-01-12T13:12:02","guid":{"rendered":"https:\/\/new.ilmoliulampar.is\/product\/hangandi-ljos-madison-svart\/"},"modified":"2023-03-24T00:19:44","modified_gmt":"2023-03-24T00:19:44","slug":"hangandi-ljos-madison-svart","status":"publish","type":"product","link":"https:\/\/ilmoliulampar.is\/en_gb\/product\/hangandi-ljos-madison-svart\/","title":{"rendered":"Hangandi lj\u00f3s, Madison &#8211; svart"},"content":{"rendered":"","protected":false},"excerpt":{"rendered":"<p>Hangandi lj\u00f3s, Madison, fallegt og st\u00edlhreint loftlj\u00f3s \u00far \u00e1li, svart m\/gylltu.<\/p>\n<p>&nbsp;<\/p>\n<p>St\u00e6r\u00f0 \u00e1 lj\u00f3si: \u00a05,5 x 11,5 cm<\/p>\n<p>Kapall\/sn\u00fara: Lengd 2 metrar<\/p>\n<p>&nbsp;<\/p>\n<p>Perust\u00e6\u00f0i: E27, Max 15W \u2013 Lj\u00f3si\u00f0 er \u00e1n lj\u00f3saperu.<\/p>\n<p>&nbsp;<\/p>\n<p><img fetchpriority=\"high\" decoding=\"async\" class=\"alignnone size-medium wp-image-17382\" src=\"https:\/\/ilmoliulampar.is\/\/wp-content\/uploads\/2022\/01\/269862267_4711105582312610_1833248744670275516_n-169x300.jpg\" alt=\"\" width=\"169\" height=\"300\" \/><\/p>\n<p>&nbsp;<\/p>\n<p><img decoding=\"async\" class=\"alignnone size-medium wp-image-17383\" src=\"https:\/\/ilmoliulampar.is\/\/wp-content\/uploads\/2022\/01\/269881417_4711105722312596_4588636661409302940_n-300x176.jpg\" alt=\"\" width=\"300\" height=\"176\" \/><\/p>","protected":false},"featured_media":43478,"comment_status":"closed","ping_status":"open","template":"","meta":[],"product_brand":[],"product_cat":[150],"product_tag":[],"class_list":{"0":"post-53054","1":"product","2":"type-product","3":"status-publish","4":"has-post-thumbnail","6":"product_cat-skilabod-i-peru-og-lampar","8":"first","9":"instock","10":"shipping-taxable","11":"purchasable","12":"product-type-simple"},"_links":{"self":[{"href":"https:\/\/ilmoliulampar.is\/en_gb\/wp-json\/wp\/v2\/product\/53054","targetHints":{"allow":["GET"]}}],"collection":[{"href":"https:\/\/ilmoliulampar.is\/en_gb\/wp-json\/wp\/v2\/product"}],"about":[{"href":"https:\/\/ilmoliulampar.is\/en_gb\/wp-json\/wp\/v2\/types\/product"}],"replies":[{"embeddable":true,"href":"https:\/\/ilmoliulampar.is\/en_gb\/wp-json\/wp\/v2\/comments?post=53054"}],"wp:featuredmedia":[{"embeddable":true,"href":"https:\/\/ilmoliulampar.is\/en_gb\/wp-json\/wp\/v2\/media\/43478"}],"wp:attachment":[{"href":"https:\/\/ilmoliulampar.is\/en_gb\/wp-json\/wp\/v2\/media?parent=53054"}],"wp:term":[{"taxonomy":"product_brand","embeddable":true,"href":"https:\/\/ilmoliulampar.is\/en_gb\/wp-json\/wp\/v2\/product_brand?post=53054"},{"taxonomy":"product_cat","embeddable":true,"href":"https:\/\/ilmoliulampar.is\/en_gb\/wp-json\/wp\/v2\/product_cat?post=53054"},{"taxonomy":"product_tag","embeddable":true,"href":"https:\/\/ilmoliulampar.is\/en_gb\/wp-json\/wp\/v2\/product_tag?post=53054"}],"curies":[{"name":"wp","href":"https:\/\/api.w.org\/{rel}","templated":true}]}}