{"id":53056,"date":"2022-01-12T15:34:37","date_gmt":"2022-01-12T15:34:37","guid":{"rendered":"https:\/\/new.ilmoliulampar.is\/product\/x-mist-sotthreinsi-froda\/"},"modified":"2026-02-05T17:23:01","modified_gmt":"2026-02-05T17:23:01","slug":"x-mist-sotthreinsi-froda","status":"publish","type":"product","link":"https:\/\/ilmoliulampar.is\/en_gb\/product\/x-mist-sotthreinsi-froda\/","title":{"rendered":"X Mist &#8211; S\u00f3tthreinsi fro\u00f0a"},"content":{"rendered":"","protected":false},"excerpt":{"rendered":"<p>Hreinsifro\u00f0a me\u00f0 dj\u00faphreinsi\u00e1hrifum sem b\u00e6\u00f0i \u00fer\u00edfur og s\u00f3tthreinsar \u00ed s\u00f6mu andr\u00e1. Hreinsar bletti, ey\u00f0ir \u00f3\u00feef og skilur eftir g\u00f3\u00f0an ilm eftir notkun. Efni\u00f0 t\u00e6rir ekki og m\u00e1 nota \u00e1 alla yfirbor\u00f0sfleti, gler, spegla, plast, teppi, le\u00f0ur o.s.frv.<\/p>\n<ul>\n<li>X \u2013 Foam notar \u00fe\u00fa \u00e1 \u00fe\u00e1 hluti sem skipta \u00feig mestu m\u00e1li.<\/li>\n<li>X \u2013 Foam vinnur fyrir \u00feig \u00e1n \u00feess a\u00f0 \u00fe\u00fa \u00feurfir a\u00f0 leggja miki\u00f0 \u00e1 \u00feig.<\/li>\n<\/ul>\n<p>&nbsp;<\/p>","protected":false},"featured_media":43488,"comment_status":"closed","ping_status":"closed","template":"","meta":[],"product_brand":[],"product_cat":[217],"product_tag":[],"class_list":{"0":"post-53056","1":"product","2":"type-product","3":"status-publish","4":"has-post-thumbnail","6":"product_cat-x-mist-2","8":"first","9":"instock","10":"shipping-taxable","11":"purchasable","12":"product-type-simple"},"_links":{"self":[{"href":"https:\/\/ilmoliulampar.is\/en_gb\/wp-json\/wp\/v2\/product\/53056","targetHints":{"allow":["GET"]}}],"collection":[{"href":"https:\/\/ilmoliulampar.is\/en_gb\/wp-json\/wp\/v2\/product"}],"about":[{"href":"https:\/\/ilmoliulampar.is\/en_gb\/wp-json\/wp\/v2\/types\/product"}],"replies":[{"embeddable":true,"href":"https:\/\/ilmoliulampar.is\/en_gb\/wp-json\/wp\/v2\/comments?post=53056"}],"wp:featuredmedia":[{"embeddable":true,"href":"https:\/\/ilmoliulampar.is\/en_gb\/wp-json\/wp\/v2\/media\/43488"}],"wp:attachment":[{"href":"https:\/\/ilmoliulampar.is\/en_gb\/wp-json\/wp\/v2\/media?parent=53056"}],"wp:term":[{"taxonomy":"product_brand","embeddable":true,"href":"https:\/\/ilmoliulampar.is\/en_gb\/wp-json\/wp\/v2\/product_brand?post=53056"},{"taxonomy":"product_cat","embeddable":true,"href":"https:\/\/ilmoliulampar.is\/en_gb\/wp-json\/wp\/v2\/product_cat?post=53056"},{"taxonomy":"product_tag","embeddable":true,"href":"https:\/\/ilmoliulampar.is\/en_gb\/wp-json\/wp\/v2\/product_tag?post=53056"}],"curies":[{"name":"wp","href":"https:\/\/api.w.org\/{rel}","templated":true}]}}