{"id":53057,"date":"2022-01-12T15:38:11","date_gmt":"2022-01-12T15:38:11","guid":{"rendered":"https:\/\/new.ilmoliulampar.is\/product\/x-mist-sanitizer\/"},"modified":"2025-07-09T12:24:44","modified_gmt":"2025-07-09T12:24:44","slug":"x-mist-sanitizer","status":"publish","type":"product","link":"https:\/\/ilmoliulampar.is\/en_gb\/product\/x-mist-sanitizer\/","title":{"rendered":"X Mist &#8211; Sanitizer"},"content":{"rendered":"","protected":false},"excerpt":{"rendered":"<ul>\n<li>X \u2013 Mist Sanitizer er alhli\u00f0a s\u00f3tthreinsir.<\/li>\n<li>X \u2013 Mist Sanitizer vinnur gegn \u00f6llum afbrig\u00f0um af Covid 19.<\/li>\n<li>X \u2013 Mist Sanitizer er lyktarey\u00f0ir og er heppilegur vegna l\u00fasm\u00fdbita.<\/li>\n<li>X \u2013 Mist Sanitizer er einstaklega g\u00f3\u00f0ur fyrir litla fingur og vi\u00f0kv\u00e6ma h\u00fa\u00f0.<\/li>\n<li>X \u2013 Mist Sanitizer er \u00ed s\u00f3tthreinsiflokki 6 (spritt er \u00ed 2-3) sem vi\u00f0heldur v\u00f6rn eftir \u00fa\u00f0un \u00fear til hendur e\u00f0a yfirbor\u00f0 er \u00fevegi\u00f0.<\/li>\n<li>X \u2013 Mist Sanitizer er unnin \u00fat fr\u00e1 X-Tabs sem eru 100% l\u00edfr\u00e6nar t\u00f6flur \u00ed s\u00f3tthreinsiflokki 7.<\/li>\n<\/ul>","protected":false},"featured_media":43491,"comment_status":"closed","ping_status":"closed","template":"","meta":[],"product_brand":[],"product_cat":[217],"product_tag":[],"class_list":{"0":"post-53057","1":"product","2":"type-product","3":"status-publish","4":"has-post-thumbnail","6":"product_cat-x-mist-2","8":"first","9":"outofstock","10":"shipping-taxable","11":"purchasable","12":"product-type-simple"},"_links":{"self":[{"href":"https:\/\/ilmoliulampar.is\/en_gb\/wp-json\/wp\/v2\/product\/53057","targetHints":{"allow":["GET"]}}],"collection":[{"href":"https:\/\/ilmoliulampar.is\/en_gb\/wp-json\/wp\/v2\/product"}],"about":[{"href":"https:\/\/ilmoliulampar.is\/en_gb\/wp-json\/wp\/v2\/types\/product"}],"replies":[{"embeddable":true,"href":"https:\/\/ilmoliulampar.is\/en_gb\/wp-json\/wp\/v2\/comments?post=53057"}],"wp:featuredmedia":[{"embeddable":true,"href":"https:\/\/ilmoliulampar.is\/en_gb\/wp-json\/wp\/v2\/media\/43491"}],"wp:attachment":[{"href":"https:\/\/ilmoliulampar.is\/en_gb\/wp-json\/wp\/v2\/media?parent=53057"}],"wp:term":[{"taxonomy":"product_brand","embeddable":true,"href":"https:\/\/ilmoliulampar.is\/en_gb\/wp-json\/wp\/v2\/product_brand?post=53057"},{"taxonomy":"product_cat","embeddable":true,"href":"https:\/\/ilmoliulampar.is\/en_gb\/wp-json\/wp\/v2\/product_cat?post=53057"},{"taxonomy":"product_tag","embeddable":true,"href":"https:\/\/ilmoliulampar.is\/en_gb\/wp-json\/wp\/v2\/product_tag?post=53057"}],"curies":[{"name":"wp","href":"https:\/\/api.w.org\/{rel}","templated":true}]}}