{"id":53058,"date":"2022-01-12T15:41:21","date_gmt":"2022-01-12T15:41:21","guid":{"rendered":"https:\/\/new.ilmoliulampar.is\/product\/x-mist-room\/"},"modified":"2024-04-12T14:43:34","modified_gmt":"2024-04-12T14:43:34","slug":"x-mist-room","status":"publish","type":"product","link":"https:\/\/ilmoliulampar.is\/en_gb\/product\/x-mist-room\/","title":{"rendered":"X Mist &#8211; Room"},"content":{"rendered":"","protected":false},"excerpt":{"rendered":"<p>Hvers vegna\u00a0a\u00f0 ey\u00f0a t\u00edma \u00ed a\u00f0\u00a0hamast\u00a0me\u00f0 sprittbr\u00fasa og tusku \u00feegar \u00fe\u00fa getur \u00fdtt \u00e1 einn takka og l\u00e1ti\u00f0 X-Mist Room sj\u00e1 um vinnuna fyrir \u00feig?<\/p>\n<ul>\n<li>X-Mist Room er l\u00edfr\u00e6n blanda sem verndar \u00feig og \u00fe\u00edna n\u00e1nustu, hvar sem er, hven\u00e6r sem er og n\u00e1nast gegn hverju sem er.<\/li>\n<li>X \u2013 Mist Room veldur \u00fev\u00ed a\u00f0 Covid, Noro, Camfylobakter\u00eda og allir \u00feeirra fr\u00e6ndur og fr\u00e6nkur ver\u00f0a \u00f3bo\u00f0nir gestir \u00ed heila viku eftir notkun.<\/li>\n<li>X-Mist Room er \u00fe\u00f3 ekki einungis forv\u00f6rn gegn \u00f3bo\u00f0num gestum heldur leysir einnig \u00ed lei\u00f0inni \u00fdmis hvimlei\u00f0 vandam\u00e1l og sparar \u00fe\u00e9r peninga.<\/li>\n<\/ul>","protected":false},"featured_media":43494,"comment_status":"closed","ping_status":"open","template":"","meta":[],"product_brand":[],"product_cat":[217],"product_tag":[],"class_list":{"0":"post-53058","1":"product","2":"type-product","3":"status-publish","4":"has-post-thumbnail","6":"product_cat-x-mist-2","8":"first","9":"instock","10":"shipping-taxable","11":"purchasable","12":"product-type-simple"},"_links":{"self":[{"href":"https:\/\/ilmoliulampar.is\/en_gb\/wp-json\/wp\/v2\/product\/53058","targetHints":{"allow":["GET"]}}],"collection":[{"href":"https:\/\/ilmoliulampar.is\/en_gb\/wp-json\/wp\/v2\/product"}],"about":[{"href":"https:\/\/ilmoliulampar.is\/en_gb\/wp-json\/wp\/v2\/types\/product"}],"replies":[{"embeddable":true,"href":"https:\/\/ilmoliulampar.is\/en_gb\/wp-json\/wp\/v2\/comments?post=53058"}],"wp:featuredmedia":[{"embeddable":true,"href":"https:\/\/ilmoliulampar.is\/en_gb\/wp-json\/wp\/v2\/media\/43494"}],"wp:attachment":[{"href":"https:\/\/ilmoliulampar.is\/en_gb\/wp-json\/wp\/v2\/media?parent=53058"}],"wp:term":[{"taxonomy":"product_brand","embeddable":true,"href":"https:\/\/ilmoliulampar.is\/en_gb\/wp-json\/wp\/v2\/product_brand?post=53058"},{"taxonomy":"product_cat","embeddable":true,"href":"https:\/\/ilmoliulampar.is\/en_gb\/wp-json\/wp\/v2\/product_cat?post=53058"},{"taxonomy":"product_tag","embeddable":true,"href":"https:\/\/ilmoliulampar.is\/en_gb\/wp-json\/wp\/v2\/product_tag?post=53058"}],"curies":[{"name":"wp","href":"https:\/\/api.w.org\/{rel}","templated":true}]}}