{"id":53059,"date":"2022-01-12T15:43:16","date_gmt":"2022-01-12T15:43:16","guid":{"rendered":"https:\/\/new.ilmoliulampar.is\/product\/x-mist-vehicle\/"},"modified":"2024-04-12T14:42:35","modified_gmt":"2024-04-12T14:42:35","slug":"x-mist-vehicle","status":"publish","type":"product","link":"https:\/\/ilmoliulampar.is\/en_gb\/product\/x-mist-vehicle\/","title":{"rendered":"X Mist &#8211; Vehicle"},"content":{"rendered":"","protected":false},"excerpt":{"rendered":"<ul>\n<li>X \u2013 Mist Vehicle veitir v\u00f6rn gegn v\u00edrusum, bakter\u00edum, gerlum, s\u00fdklum, myglu- og sveppagr\u00f3.<\/li>\n<li>X \u2013 Mist Vehicle veitir v\u00f6rn gegn \u00f6llum afbrig\u00f0um af Covid 19.<\/li>\n<li>X \u2013 Mist Vehicle eykur loftg\u00e6\u00f0i, ey\u00f0ir \u00f3\u00feef \u00e1samt \u00fev\u00ed a\u00f0 leysa \u00fdmis vandam\u00e1l sem hafa til \u00feessa veri\u00f0 \u00e1n lausnar.<\/li>\n<li>X \u2013 Mist Vehicle heldur fullri virkni \u00ed 7 daga eftir notkun.<\/li>\n<\/ul>","protected":false},"featured_media":43497,"comment_status":"closed","ping_status":"open","template":"","meta":[],"product_brand":[],"product_cat":[217],"product_tag":[],"class_list":{"0":"post-53059","1":"product","2":"type-product","3":"status-publish","4":"has-post-thumbnail","6":"product_cat-x-mist-2","8":"first","9":"instock","10":"shipping-taxable","11":"purchasable","12":"product-type-simple"},"_links":{"self":[{"href":"https:\/\/ilmoliulampar.is\/en_gb\/wp-json\/wp\/v2\/product\/53059","targetHints":{"allow":["GET"]}}],"collection":[{"href":"https:\/\/ilmoliulampar.is\/en_gb\/wp-json\/wp\/v2\/product"}],"about":[{"href":"https:\/\/ilmoliulampar.is\/en_gb\/wp-json\/wp\/v2\/types\/product"}],"replies":[{"embeddable":true,"href":"https:\/\/ilmoliulampar.is\/en_gb\/wp-json\/wp\/v2\/comments?post=53059"}],"wp:featuredmedia":[{"embeddable":true,"href":"https:\/\/ilmoliulampar.is\/en_gb\/wp-json\/wp\/v2\/media\/43497"}],"wp:attachment":[{"href":"https:\/\/ilmoliulampar.is\/en_gb\/wp-json\/wp\/v2\/media?parent=53059"}],"wp:term":[{"taxonomy":"product_brand","embeddable":true,"href":"https:\/\/ilmoliulampar.is\/en_gb\/wp-json\/wp\/v2\/product_brand?post=53059"},{"taxonomy":"product_cat","embeddable":true,"href":"https:\/\/ilmoliulampar.is\/en_gb\/wp-json\/wp\/v2\/product_cat?post=53059"},{"taxonomy":"product_tag","embeddable":true,"href":"https:\/\/ilmoliulampar.is\/en_gb\/wp-json\/wp\/v2\/product_tag?post=53059"}],"curies":[{"name":"wp","href":"https:\/\/api.w.org\/{rel}","templated":true}]}}