{"id":53060,"date":"2022-01-12T15:47:17","date_gmt":"2022-01-12T15:47:17","guid":{"rendered":"https:\/\/new.ilmoliulampar.is\/product\/x-mist-tabs-15-stk\/"},"modified":"2024-10-28T12:47:33","modified_gmt":"2024-10-28T12:47:33","slug":"x-mist-tabs-15-stk","status":"publish","type":"product","link":"https:\/\/ilmoliulampar.is\/en_gb\/product\/x-mist-tabs-15-stk\/","title":{"rendered":"X Mist &#8211; tabs, 15 stk"},"content":{"rendered":"","protected":false},"excerpt":{"rendered":"<p>L\u00edfr\u00e6nar \u00ferif- og s\u00f3tthreinsit\u00f6flur til daglegra nota \u00e1 allar ger\u00f0ir yfirbor\u00f0s. Eru hvorki ertandi n\u00e9 \u00e6tandi. \u00d6ruggar til me\u00f0h\u00f6ndlunar \u00ed kringum matv\u00e6li.<\/p>\n<p>&nbsp;<\/p>\n<p><img fetchpriority=\"high\" decoding=\"async\" class=\"alignnone size-medium wp-image-17406\" src=\"https:\/\/ilmoliulampar.is\/\/wp-content\/uploads\/2022\/01\/screen-shot-2022-01-12-at-15.45.40-300x286.png\" alt=\"\" width=\"300\" height=\"286\" \/><\/p>","protected":false},"featured_media":43500,"comment_status":"closed","ping_status":"open","template":"","meta":[],"product_brand":[],"product_cat":[217],"product_tag":[],"class_list":{"0":"post-53060","1":"product","2":"type-product","3":"status-publish","4":"has-post-thumbnail","6":"product_cat-x-mist-2","8":"first","9":"instock","10":"shipping-taxable","11":"purchasable","12":"product-type-simple"},"_links":{"self":[{"href":"https:\/\/ilmoliulampar.is\/en_gb\/wp-json\/wp\/v2\/product\/53060","targetHints":{"allow":["GET"]}}],"collection":[{"href":"https:\/\/ilmoliulampar.is\/en_gb\/wp-json\/wp\/v2\/product"}],"about":[{"href":"https:\/\/ilmoliulampar.is\/en_gb\/wp-json\/wp\/v2\/types\/product"}],"replies":[{"embeddable":true,"href":"https:\/\/ilmoliulampar.is\/en_gb\/wp-json\/wp\/v2\/comments?post=53060"}],"wp:featuredmedia":[{"embeddable":true,"href":"https:\/\/ilmoliulampar.is\/en_gb\/wp-json\/wp\/v2\/media\/43500"}],"wp:attachment":[{"href":"https:\/\/ilmoliulampar.is\/en_gb\/wp-json\/wp\/v2\/media?parent=53060"}],"wp:term":[{"taxonomy":"product_brand","embeddable":true,"href":"https:\/\/ilmoliulampar.is\/en_gb\/wp-json\/wp\/v2\/product_brand?post=53060"},{"taxonomy":"product_cat","embeddable":true,"href":"https:\/\/ilmoliulampar.is\/en_gb\/wp-json\/wp\/v2\/product_cat?post=53060"},{"taxonomy":"product_tag","embeddable":true,"href":"https:\/\/ilmoliulampar.is\/en_gb\/wp-json\/wp\/v2\/product_tag?post=53060"}],"curies":[{"name":"wp","href":"https:\/\/api.w.org\/{rel}","templated":true}]}}