{"id":53063,"date":"2022-01-21T09:34:06","date_gmt":"2022-01-21T09:34:06","guid":{"rendered":"https:\/\/new.ilmoliulampar.is\/product\/chiffon-pokar-5-stk\/"},"modified":"2023-03-24T00:19:50","modified_gmt":"2023-03-24T00:19:50","slug":"chiffon-pokar-5-stk","status":"publish","type":"product","link":"https:\/\/ilmoliulampar.is\/en_gb\/product\/chiffon-pokar-5-stk\/","title":{"rendered":"Chiffon pokar, 5 stk"},"content":{"rendered":"","protected":false},"excerpt":{"rendered":"<p>5x Chiffon pokar<\/p>\n<p>Mismunandi litir \u00ed bo\u00f0i.<\/p>\n<p>Appels\u00ednugulur, lj\u00f3sbleikur, rau\u00f0ur, gulur.<\/p>\n<p>Blanda\u00f0ir litir settir saman.<\/p>\n<p>&nbsp;<\/p>\n<p>(Ef \u00fe\u00fa vilt velja lit, settu \u00fe\u00e1 \u00ed athugasemd \u00feegar gengi\u00f0 er fr\u00e1 p\u00f6ntun hva\u00f0a lit \u00fe\u00fa vilt)<\/p>\n<p>&nbsp;<\/p>","protected":false},"featured_media":43507,"comment_status":"closed","ping_status":"open","template":"","meta":[],"product_brand":[],"product_cat":[15],"product_tag":[],"class_list":{"0":"post-53063","1":"product","2":"type-product","3":"status-publish","4":"has-post-thumbnail","6":"product_cat-uncategorized","8":"first","9":"outofstock","10":"shipping-taxable","11":"purchasable","12":"product-type-simple"},"_links":{"self":[{"href":"https:\/\/ilmoliulampar.is\/en_gb\/wp-json\/wp\/v2\/product\/53063","targetHints":{"allow":["GET"]}}],"collection":[{"href":"https:\/\/ilmoliulampar.is\/en_gb\/wp-json\/wp\/v2\/product"}],"about":[{"href":"https:\/\/ilmoliulampar.is\/en_gb\/wp-json\/wp\/v2\/types\/product"}],"replies":[{"embeddable":true,"href":"https:\/\/ilmoliulampar.is\/en_gb\/wp-json\/wp\/v2\/comments?post=53063"}],"wp:featuredmedia":[{"embeddable":true,"href":"https:\/\/ilmoliulampar.is\/en_gb\/wp-json\/wp\/v2\/media\/43507"}],"wp:attachment":[{"href":"https:\/\/ilmoliulampar.is\/en_gb\/wp-json\/wp\/v2\/media?parent=53063"}],"wp:term":[{"taxonomy":"product_brand","embeddable":true,"href":"https:\/\/ilmoliulampar.is\/en_gb\/wp-json\/wp\/v2\/product_brand?post=53063"},{"taxonomy":"product_cat","embeddable":true,"href":"https:\/\/ilmoliulampar.is\/en_gb\/wp-json\/wp\/v2\/product_cat?post=53063"},{"taxonomy":"product_tag","embeddable":true,"href":"https:\/\/ilmoliulampar.is\/en_gb\/wp-json\/wp\/v2\/product_tag?post=53063"}],"curies":[{"name":"wp","href":"https:\/\/api.w.org\/{rel}","templated":true}]}}