{"id":53072,"date":"2022-01-25T13:33:13","date_gmt":"2022-01-25T13:33:13","guid":{"rendered":"https:\/\/new.ilmoliulampar.is\/product\/kollur-m-marmaraaferd\/"},"modified":"2024-07-30T16:23:41","modified_gmt":"2024-07-30T16:23:41","slug":"kollur-m-marmaraaferd","status":"publish","type":"product","link":"https:\/\/ilmoliulampar.is\/en_gb\/product\/kollur-m-marmaraaferd\/","title":{"rendered":"Kollur m\/ marmara\u00e1fer\u00f0"},"content":{"rendered":"","protected":false},"excerpt":{"rendered":"<p>\u00c6\u00f0islegur kollur\/ f\u00f3tskemill me\u00f0 marmara-\u00e1fer\u00f0!<\/p>\n<p>Kollurinn er \u00feungur og veglegur \u00far keram\u00edk.<\/p>\n<ul>\n<li>Litur: Gr\u00e1r &amp; hv\u00edtur<\/li>\n<li><em>St\u00e6r\u00f0: 40 x 34 cm\u00a0<\/em><\/li>\n<\/ul>","protected":false},"featured_media":43548,"comment_status":"closed","ping_status":"closed","template":"","meta":[],"product_brand":[],"product_cat":[112,132],"product_tag":[],"class_list":{"0":"post-53072","1":"product","2":"type-product","3":"status-publish","4":"has-post-thumbnail","6":"product_cat-adrar-vorur","7":"product_cat-heimilid-2","9":"first","10":"outofstock","11":"shipping-taxable","12":"purchasable","13":"product-type-simple"},"_links":{"self":[{"href":"https:\/\/ilmoliulampar.is\/en_gb\/wp-json\/wp\/v2\/product\/53072","targetHints":{"allow":["GET"]}}],"collection":[{"href":"https:\/\/ilmoliulampar.is\/en_gb\/wp-json\/wp\/v2\/product"}],"about":[{"href":"https:\/\/ilmoliulampar.is\/en_gb\/wp-json\/wp\/v2\/types\/product"}],"replies":[{"embeddable":true,"href":"https:\/\/ilmoliulampar.is\/en_gb\/wp-json\/wp\/v2\/comments?post=53072"}],"wp:featuredmedia":[{"embeddable":true,"href":"https:\/\/ilmoliulampar.is\/en_gb\/wp-json\/wp\/v2\/media\/43548"}],"wp:attachment":[{"href":"https:\/\/ilmoliulampar.is\/en_gb\/wp-json\/wp\/v2\/media?parent=53072"}],"wp:term":[{"taxonomy":"product_brand","embeddable":true,"href":"https:\/\/ilmoliulampar.is\/en_gb\/wp-json\/wp\/v2\/product_brand?post=53072"},{"taxonomy":"product_cat","embeddable":true,"href":"https:\/\/ilmoliulampar.is\/en_gb\/wp-json\/wp\/v2\/product_cat?post=53072"},{"taxonomy":"product_tag","embeddable":true,"href":"https:\/\/ilmoliulampar.is\/en_gb\/wp-json\/wp\/v2\/product_tag?post=53072"}],"curies":[{"name":"wp","href":"https:\/\/api.w.org\/{rel}","templated":true}]}}