{"id":53073,"date":"2022-01-25T14:11:55","date_gmt":"2022-01-25T14:11:55","guid":{"rendered":"https:\/\/new.ilmoliulampar.is\/product\/ballerina-flodhestur-stytta\/"},"modified":"2024-12-18T12:14:55","modified_gmt":"2024-12-18T12:14:55","slug":"ballerina-flodhestur-stytta","status":"publish","type":"product","link":"https:\/\/ilmoliulampar.is\/en_gb\/product\/ballerina-flodhestur-stytta\/","title":{"rendered":"Baller\u00edna &#8211; fl\u00f3\u00f0hestur, stytta"},"content":{"rendered":"","protected":false},"excerpt":{"rendered":"<p>\u00c6\u00f0isleg stytta, baller\u00ednu fl\u00f3\u00f0hestur!<\/p>\n<p><em>St\u00e6r\u00f0: 46 x 18 x 18.5 cm\u00a0<\/em><\/p>\n<p>&nbsp;<\/p>\n<p>&nbsp;<\/p>\n<p><img fetchpriority=\"high\" decoding=\"async\" class=\"alignnone size-medium wp-image-17489\" src=\"https:\/\/ilmoliulampar.is\/\/wp-content\/uploads\/2022\/01\/48203-2_s-1-300x300.jpg\" alt=\"\" width=\"300\" height=\"300\" \/><\/p>\n<p><img decoding=\"async\" class=\"alignnone size-medium wp-image-17487\" src=\"https:\/\/ilmoliulampar.is\/\/wp-content\/uploads\/2022\/01\/48203-3_s-300x300.jpg\" alt=\"\" width=\"300\" height=\"300\" \/><\/p>\n<p>&nbsp;<\/p>","protected":false},"featured_media":43551,"comment_status":"closed","ping_status":"closed","template":"","meta":[],"product_brand":[],"product_cat":[112,132,251],"product_tag":[],"class_list":{"0":"post-53073","1":"product","2":"type-product","3":"status-publish","4":"has-post-thumbnail","6":"product_cat-adrar-vorur","7":"product_cat-heimilid-2","8":"product_cat-stytturogskulpturar","10":"first","11":"instock","12":"shipping-taxable","13":"purchasable","14":"product-type-simple"},"_links":{"self":[{"href":"https:\/\/ilmoliulampar.is\/en_gb\/wp-json\/wp\/v2\/product\/53073","targetHints":{"allow":["GET"]}}],"collection":[{"href":"https:\/\/ilmoliulampar.is\/en_gb\/wp-json\/wp\/v2\/product"}],"about":[{"href":"https:\/\/ilmoliulampar.is\/en_gb\/wp-json\/wp\/v2\/types\/product"}],"replies":[{"embeddable":true,"href":"https:\/\/ilmoliulampar.is\/en_gb\/wp-json\/wp\/v2\/comments?post=53073"}],"wp:featuredmedia":[{"embeddable":true,"href":"https:\/\/ilmoliulampar.is\/en_gb\/wp-json\/wp\/v2\/media\/43551"}],"wp:attachment":[{"href":"https:\/\/ilmoliulampar.is\/en_gb\/wp-json\/wp\/v2\/media?parent=53073"}],"wp:term":[{"taxonomy":"product_brand","embeddable":true,"href":"https:\/\/ilmoliulampar.is\/en_gb\/wp-json\/wp\/v2\/product_brand?post=53073"},{"taxonomy":"product_cat","embeddable":true,"href":"https:\/\/ilmoliulampar.is\/en_gb\/wp-json\/wp\/v2\/product_cat?post=53073"},{"taxonomy":"product_tag","embeddable":true,"href":"https:\/\/ilmoliulampar.is\/en_gb\/wp-json\/wp\/v2\/product_tag?post=53073"}],"curies":[{"name":"wp","href":"https:\/\/api.w.org\/{rel}","templated":true}]}}