{"id":53076,"date":"2022-01-25T17:33:33","date_gmt":"2022-01-25T17:33:33","guid":{"rendered":"https:\/\/new.ilmoliulampar.is\/product\/svartur-hvitur-marmara-kokudiskur\/"},"modified":"2024-04-22T17:30:17","modified_gmt":"2024-04-22T17:30:17","slug":"svartur-hvitur-marmara-kokudiskur","status":"publish","type":"product","link":"https:\/\/ilmoliulampar.is\/en_gb\/product\/svartur-hvitur-marmara-kokudiskur\/","title":{"rendered":"Svartur &#038; hv\u00edtur marmara k\u00f6kudiskur"},"content":{"rendered":"","protected":false},"excerpt":{"rendered":"<p>St\u00f3rkostlegur svartur og hv\u00edtur marmara k\u00f6kudiskur!<\/p>\n<p>St\u00e6r\u00f0: 10 x 20.5 cm<\/p>\n<p>&nbsp;<\/p>\n<p><img fetchpriority=\"high\" decoding=\"async\" class=\"alignnone size-medium wp-image-17503\" src=\"https:\/\/ilmoliulampar.is\/\/wp-content\/uploads\/2022\/01\/zfh003_2_-1-300x300.jpg\" alt=\"\" width=\"300\" height=\"300\" \/><\/p>","protected":false},"featured_media":43572,"comment_status":"closed","ping_status":"open","template":"","meta":[],"product_brand":[],"product_cat":[112,132],"product_tag":[],"class_list":{"0":"post-53076","1":"product","2":"type-product","3":"status-publish","4":"has-post-thumbnail","6":"product_cat-adrar-vorur","7":"product_cat-heimilid-2","9":"first","10":"instock","11":"shipping-taxable","12":"purchasable","13":"product-type-simple"},"_links":{"self":[{"href":"https:\/\/ilmoliulampar.is\/en_gb\/wp-json\/wp\/v2\/product\/53076","targetHints":{"allow":["GET"]}}],"collection":[{"href":"https:\/\/ilmoliulampar.is\/en_gb\/wp-json\/wp\/v2\/product"}],"about":[{"href":"https:\/\/ilmoliulampar.is\/en_gb\/wp-json\/wp\/v2\/types\/product"}],"replies":[{"embeddable":true,"href":"https:\/\/ilmoliulampar.is\/en_gb\/wp-json\/wp\/v2\/comments?post=53076"}],"wp:featuredmedia":[{"embeddable":true,"href":"https:\/\/ilmoliulampar.is\/en_gb\/wp-json\/wp\/v2\/media\/43572"}],"wp:attachment":[{"href":"https:\/\/ilmoliulampar.is\/en_gb\/wp-json\/wp\/v2\/media?parent=53076"}],"wp:term":[{"taxonomy":"product_brand","embeddable":true,"href":"https:\/\/ilmoliulampar.is\/en_gb\/wp-json\/wp\/v2\/product_brand?post=53076"},{"taxonomy":"product_cat","embeddable":true,"href":"https:\/\/ilmoliulampar.is\/en_gb\/wp-json\/wp\/v2\/product_cat?post=53076"},{"taxonomy":"product_tag","embeddable":true,"href":"https:\/\/ilmoliulampar.is\/en_gb\/wp-json\/wp\/v2\/product_tag?post=53076"}],"curies":[{"name":"wp","href":"https:\/\/api.w.org\/{rel}","templated":true}]}}