{"id":53077,"date":"2022-02-03T14:23:54","date_gmt":"2022-02-03T14:23:54","guid":{"rendered":"https:\/\/new.ilmoliulampar.is\/product\/revitalash-hi-def-brow-pencil-augabrunablyantur\/"},"modified":"2025-02-01T14:43:39","modified_gmt":"2025-02-01T14:43:39","slug":"revitalash-hi-def-brow-pencil-augabrunablyantur","status":"publish","type":"product","link":"https:\/\/ilmoliulampar.is\/en_gb\/product\/revitalash-hi-def-brow-pencil-augabrunablyantur\/","title":{"rendered":"Revitalash &#8211; Hi-Def Brow Pencil | Augabr\u00fanabl\u00fdantur"},"content":{"rendered":"","protected":false},"excerpt":{"rendered":"<p>Vatnsheldur augabr\u00fana pensill sem m\u00f3tar augabr\u00fanirnar n\u00e1kv\u00e6mlega eins og \u00fe\u00fa vilt hafa \u00fe\u00e6r.\u00a0 Liturinn kl\u00ednist ekki og endist allan daginn.<\/p>\n<p><em><strong>Ver\u00f0laun<\/strong>: \u00a0<\/em><em>2020 &#8211; Holy Grail &#8211; COSMOPOLITAN<\/em><\/p>\n<p>&nbsp;<\/p>\n<p><em><strong>\u00der\u00edr litir:<\/strong> Cool Brown, Warm Brown, Soft Brown.<\/em><\/p>\n<p>&nbsp;<\/p>\n<p>St\u00e6r\u00f0: 0,14 gr. | 0,005 Oz.<\/p>\n<p>&nbsp;<\/p>\n<p><span style=\"font-weight: 400;\">Ofn\u00e6mispr\u00f3fa\u00f0ur, \u00e1n ol\u00edu, parabena og ilmefna.<\/span><\/p>\n<p><span style=\"font-weight: 400;\">Vegan og Cruelty free.<\/span><\/p>\n<p>&nbsp;<\/p>\n<p><img fetchpriority=\"high\" decoding=\"async\" class=\"alignnone size-medium wp-image-17554\" src=\"https:\/\/ilmoliulampar.is\/\/wp-content\/uploads\/2022\/02\/application_hi-def_step2_1000x1000_72_rgb_300x2x-300x300.png\" alt=\"\" width=\"300\" height=\"300\" \/><\/p>\n<p><img decoding=\"async\" class=\"alignnone size-medium wp-image-17555\" src=\"https:\/\/ilmoliulampar.is\/\/wp-content\/uploads\/2022\/02\/application_hi-def_step1a_1000x1000_72_rgb_300x2x-300x300.png\" alt=\"\" width=\"300\" height=\"300\" \/><\/p>","protected":false},"featured_media":43577,"comment_status":"closed","ping_status":"closed","template":"","meta":[],"product_brand":[],"product_cat":[191,216],"product_tag":[],"class_list":{"0":"post-53077","1":"product","2":"type-product","3":"status-publish","4":"has-post-thumbnail","6":"product_cat-hud-og-snyrtivorur","7":"product_cat-revitalash-2","9":"first","10":"instock","11":"shipping-taxable","12":"purchasable","13":"product-type-variable"},"_links":{"self":[{"href":"https:\/\/ilmoliulampar.is\/en_gb\/wp-json\/wp\/v2\/product\/53077","targetHints":{"allow":["GET"]}}],"collection":[{"href":"https:\/\/ilmoliulampar.is\/en_gb\/wp-json\/wp\/v2\/product"}],"about":[{"href":"https:\/\/ilmoliulampar.is\/en_gb\/wp-json\/wp\/v2\/types\/product"}],"replies":[{"embeddable":true,"href":"https:\/\/ilmoliulampar.is\/en_gb\/wp-json\/wp\/v2\/comments?post=53077"}],"wp:featuredmedia":[{"embeddable":true,"href":"https:\/\/ilmoliulampar.is\/en_gb\/wp-json\/wp\/v2\/media\/43577"}],"wp:attachment":[{"href":"https:\/\/ilmoliulampar.is\/en_gb\/wp-json\/wp\/v2\/media?parent=53077"}],"wp:term":[{"taxonomy":"product_brand","embeddable":true,"href":"https:\/\/ilmoliulampar.is\/en_gb\/wp-json\/wp\/v2\/product_brand?post=53077"},{"taxonomy":"product_cat","embeddable":true,"href":"https:\/\/ilmoliulampar.is\/en_gb\/wp-json\/wp\/v2\/product_cat?post=53077"},{"taxonomy":"product_tag","embeddable":true,"href":"https:\/\/ilmoliulampar.is\/en_gb\/wp-json\/wp\/v2\/product_tag?post=53077"}],"curies":[{"name":"wp","href":"https:\/\/api.w.org\/{rel}","templated":true}]}}