{"id":53081,"date":"2022-02-04T13:43:36","date_gmt":"2022-02-04T13:43:36","guid":{"rendered":"https:\/\/new.ilmoliulampar.is\/product\/tobacco-absolute-molton-brown-ilmolia\/"},"modified":"2026-03-11T14:28:40","modified_gmt":"2026-03-11T14:28:40","slug":"tobacco-absolute-molton-brown-ilmolia","status":"publish","type":"product","link":"https:\/\/ilmoliulampar.is\/en_gb\/product\/tobacco-absolute-molton-brown-ilmolia\/","title":{"rendered":"TOBACCO ABSOLUTE &#8211; MOLTON BROWN"},"content":{"rendered":"","protected":false},"excerpt":{"rendered":"<p>Tobacco Absolute &#8211; Molton Brown, <strong>ilmol\u00eda<\/strong><\/p>\n<p>Ferskur en a\u00f0 sama skapi mj\u00fakur ilmur! Blanda af Cedarwod og Musk, \u00ed bland vi\u00f0 bl\u00f3\u00f0-appels\u00ednu &amp; Bergam\u00f3t, \u00e6\u00f0islegur krydda\u00f0ur ilmur!<br \/>\n10 ml glas.<\/p>\n<p><em>(ATH. um er a\u00f0 r\u00e6\u00f0a ilmol\u00edu, myndin er eing\u00f6ngu notu\u00f0 til \u00feess a\u00f0 s\u00fdna um hva\u00f0a ilm er a\u00f0 r\u00e6\u00f0a)<\/em><\/p>\n<p>&nbsp;<\/p>\n<p>&nbsp;<\/p>\n<p><em>(Athugi\u00f0 um er a\u00f0 r\u00e6\u00f0a ilmol\u00edu, myndin er notu\u00f0 til \u00feess a\u00f0 l\u00fdsa ilminum sem \u00e1tt er vi\u00f0!)<\/em><\/p>\n<p>&nbsp;<\/p>\n<p>&nbsp;<\/p>\n<p><img fetchpriority=\"high\" decoding=\"async\" class=\"alignnone size-medium wp-image-17578\" src=\"https:\/\/ilmoliulampar.is\/\/wp-content\/uploads\/2022\/02\/tobacco-absolute-fragrance-oil.jpg-300x300.png\" alt=\"\" width=\"300\" height=\"300\" \/><\/p>","protected":false},"featured_media":43587,"comment_status":"closed","ping_status":"closed","template":"","meta":[],"product_brand":[],"product_cat":[195,209,108],"product_tag":[],"class_list":{"0":"post-53081","1":"product","2":"type-product","3":"status-publish","4":"has-post-thumbnail","6":"product_cat-ilmoliur-oliur","7":"product_cat-nyjar-oliur-oliur","8":"product_cat-oliur","10":"first","11":"instock","12":"shipping-taxable","13":"purchasable","14":"product-type-simple"},"_links":{"self":[{"href":"https:\/\/ilmoliulampar.is\/en_gb\/wp-json\/wp\/v2\/product\/53081","targetHints":{"allow":["GET"]}}],"collection":[{"href":"https:\/\/ilmoliulampar.is\/en_gb\/wp-json\/wp\/v2\/product"}],"about":[{"href":"https:\/\/ilmoliulampar.is\/en_gb\/wp-json\/wp\/v2\/types\/product"}],"replies":[{"embeddable":true,"href":"https:\/\/ilmoliulampar.is\/en_gb\/wp-json\/wp\/v2\/comments?post=53081"}],"wp:featuredmedia":[{"embeddable":true,"href":"https:\/\/ilmoliulampar.is\/en_gb\/wp-json\/wp\/v2\/media\/43587"}],"wp:attachment":[{"href":"https:\/\/ilmoliulampar.is\/en_gb\/wp-json\/wp\/v2\/media?parent=53081"}],"wp:term":[{"taxonomy":"product_brand","embeddable":true,"href":"https:\/\/ilmoliulampar.is\/en_gb\/wp-json\/wp\/v2\/product_brand?post=53081"},{"taxonomy":"product_cat","embeddable":true,"href":"https:\/\/ilmoliulampar.is\/en_gb\/wp-json\/wp\/v2\/product_cat?post=53081"},{"taxonomy":"product_tag","embeddable":true,"href":"https:\/\/ilmoliulampar.is\/en_gb\/wp-json\/wp\/v2\/product_tag?post=53081"}],"curies":[{"name":"wp","href":"https:\/\/api.w.org\/{rel}","templated":true}]}}