{"id":53082,"date":"2022-02-04T14:09:11","date_gmt":"2022-02-04T14:09:11","guid":{"rendered":"https:\/\/new.ilmoliulampar.is\/product\/milk-musk-molton-brown-ilmolia\/"},"modified":"2026-03-11T14:01:02","modified_gmt":"2026-03-11T14:01:02","slug":"milk-musk-molton-brown-ilmolia","status":"publish","type":"product","link":"https:\/\/ilmoliulampar.is\/en_gb\/product\/milk-musk-molton-brown-ilmolia\/","title":{"rendered":"MILK MUSK &#8211; MOLTON BROWN"},"content":{"rendered":"","protected":false},"excerpt":{"rendered":"<p>Milk Musk, Molton Brown <strong>ilmol\u00eda<\/strong><\/p>\n<p>D\u00e1samlega l\u00e9ttur &amp; mj\u00fakur ilmur sem inniheldur s\u00e6tar og safar\u00edkar perur \u00ed bland vi\u00f0 ferskjur, \u00f6rl\u00edti\u00f0 af Musk, krema\u00f0a vanillu, hv\u00edtan Cedarwood &amp; Tonka-baunir!&#8230; \u00feessi ilmol\u00eda er \u00ed mildari kantinum, svona ekta &#8222;hversdags&#8220; ilmol\u00eda sem ma\u00f0ur f\u00e6r ekki lei\u00f0 \u00e1.<br \/>\n10 ml glas.<\/p>\n<p><em>(ATH. um er a\u00f0 r\u00e6\u00f0a ilmol\u00edu, myndin er eing\u00f6ngu notu\u00f0 til \u00feess a\u00f0 s\u00fdna um hva\u00f0a ilm er a\u00f0 r\u00e6\u00f0a)<\/em><\/p>\n<div class=\"top-note flex-align\">\n<div class=\"note-description xsmall-font\"><\/div>\n<\/div>\n<p>&nbsp;<\/p>","protected":false},"featured_media":43592,"comment_status":"closed","ping_status":"closed","template":"","meta":[],"product_brand":[],"product_cat":[195,209,108],"product_tag":[],"class_list":{"0":"post-53082","1":"product","2":"type-product","3":"status-publish","4":"has-post-thumbnail","6":"product_cat-ilmoliur-oliur","7":"product_cat-nyjar-oliur-oliur","8":"product_cat-oliur","10":"first","11":"instock","12":"shipping-taxable","13":"purchasable","14":"product-type-simple"},"_links":{"self":[{"href":"https:\/\/ilmoliulampar.is\/en_gb\/wp-json\/wp\/v2\/product\/53082","targetHints":{"allow":["GET"]}}],"collection":[{"href":"https:\/\/ilmoliulampar.is\/en_gb\/wp-json\/wp\/v2\/product"}],"about":[{"href":"https:\/\/ilmoliulampar.is\/en_gb\/wp-json\/wp\/v2\/types\/product"}],"replies":[{"embeddable":true,"href":"https:\/\/ilmoliulampar.is\/en_gb\/wp-json\/wp\/v2\/comments?post=53082"}],"wp:featuredmedia":[{"embeddable":true,"href":"https:\/\/ilmoliulampar.is\/en_gb\/wp-json\/wp\/v2\/media\/43592"}],"wp:attachment":[{"href":"https:\/\/ilmoliulampar.is\/en_gb\/wp-json\/wp\/v2\/media?parent=53082"}],"wp:term":[{"taxonomy":"product_brand","embeddable":true,"href":"https:\/\/ilmoliulampar.is\/en_gb\/wp-json\/wp\/v2\/product_brand?post=53082"},{"taxonomy":"product_cat","embeddable":true,"href":"https:\/\/ilmoliulampar.is\/en_gb\/wp-json\/wp\/v2\/product_cat?post=53082"},{"taxonomy":"product_tag","embeddable":true,"href":"https:\/\/ilmoliulampar.is\/en_gb\/wp-json\/wp\/v2\/product_tag?post=53082"}],"curies":[{"name":"wp","href":"https:\/\/api.w.org\/{rel}","templated":true}]}}