{"id":53088,"date":"2022-02-05T15:07:04","date_gmt":"2022-02-05T15:07:04","guid":{"rendered":"https:\/\/new.ilmoliulampar.is\/product\/alighieri-obelisk-graenn-1-stk\/"},"modified":"2023-03-24T00:20:11","modified_gmt":"2023-03-24T00:20:11","slug":"alighieri-obelisk-graenn-1-stk","status":"publish","type":"product","link":"https:\/\/ilmoliulampar.is\/en_gb\/product\/alighieri-obelisk-graenn-1-stk\/","title":{"rendered":"Alighieri Obelisk &#8211; gr\u00e6nn, 1 stk"},"content":{"rendered":"","protected":false},"excerpt":{"rendered":"<p>\u00c6\u00f0islegur gr\u00e6nn obelisk sk\u00falpt\u00far, einstaklega fallegur!<\/p>\n<p><em>St\u00e6r\u00f0:\u00a0<span class=\"pf-prod-dimenstions-val\">H:30<\/span>\u00a0<span class=\"pf-prod-dimenstions-val\">W:6<\/span>\u00a0<span class=\"pf-prod-dimenstions-val\">D:6<\/span>\u00a0cm<\/em><\/p>\n<div class=\"pf-product-details-price-wrapper\">\n<div class=\"product-detail-price\"><img fetchpriority=\"high\" decoding=\"async\" class=\"alignnone size-medium wp-image-17617\" src=\"https:\/\/ilmoliulampar.is\/\/wp-content\/uploads\/2022\/02\/76646__57475.1525286605-300x300.jpg\" alt=\"\" width=\"300\" height=\"300\" \/><\/div>\n<\/div>","protected":false},"featured_media":43624,"comment_status":"closed","ping_status":"open","template":"","meta":[],"product_brand":[],"product_cat":[112,132],"product_tag":[],"class_list":{"0":"post-53088","1":"product","2":"type-product","3":"status-publish","4":"has-post-thumbnail","6":"product_cat-adrar-vorur","7":"product_cat-heimilid-2","9":"first","10":"instock","11":"shipping-taxable","12":"purchasable","13":"product-type-simple"},"_links":{"self":[{"href":"https:\/\/ilmoliulampar.is\/en_gb\/wp-json\/wp\/v2\/product\/53088","targetHints":{"allow":["GET"]}}],"collection":[{"href":"https:\/\/ilmoliulampar.is\/en_gb\/wp-json\/wp\/v2\/product"}],"about":[{"href":"https:\/\/ilmoliulampar.is\/en_gb\/wp-json\/wp\/v2\/types\/product"}],"replies":[{"embeddable":true,"href":"https:\/\/ilmoliulampar.is\/en_gb\/wp-json\/wp\/v2\/comments?post=53088"}],"wp:featuredmedia":[{"embeddable":true,"href":"https:\/\/ilmoliulampar.is\/en_gb\/wp-json\/wp\/v2\/media\/43624"}],"wp:attachment":[{"href":"https:\/\/ilmoliulampar.is\/en_gb\/wp-json\/wp\/v2\/media?parent=53088"}],"wp:term":[{"taxonomy":"product_brand","embeddable":true,"href":"https:\/\/ilmoliulampar.is\/en_gb\/wp-json\/wp\/v2\/product_brand?post=53088"},{"taxonomy":"product_cat","embeddable":true,"href":"https:\/\/ilmoliulampar.is\/en_gb\/wp-json\/wp\/v2\/product_cat?post=53088"},{"taxonomy":"product_tag","embeddable":true,"href":"https:\/\/ilmoliulampar.is\/en_gb\/wp-json\/wp\/v2\/product_tag?post=53088"}],"curies":[{"name":"wp","href":"https:\/\/api.w.org\/{rel}","templated":true}]}}