{"id":53094,"date":"2022-02-09T15:18:38","date_gmt":"2022-02-09T15:18:38","guid":{"rendered":"https:\/\/new.ilmoliulampar.is\/product\/pippi-barna-ilmoliulampi\/"},"modified":"2026-01-30T14:12:07","modified_gmt":"2026-01-30T14:12:07","slug":"pippi-barna-ilmoliulampi","status":"publish","type":"product","link":"https:\/\/ilmoliulampar.is\/en_gb\/product\/pippi-barna-ilmoliulampi\/","title":{"rendered":"PIPPI &#8211; barna-ilmol\u00edulampi"},"content":{"rendered":"","protected":false},"excerpt":{"rendered":"<div class=\"\" data-block=\"true\" data-editor=\"768hv\" data-offset-key=\"6unp5-0-0\">\n<div class=\"_1mf _1mj\" data-offset-key=\"6unp5-0-0\"><span data-offset-key=\"6unp5-0-0\"><strong>Pippi<\/strong>\u00a0<\/span><span data-offset-key=\"6unp5-0-0\">ilmol\u00edulampi sem er <\/span><span data-offset-key=\"6unp5-1-0\">s\u00e9rstaklega<\/span><span data-offset-key=\"6unp5-2-0\"> hanna\u00f0ur fyrir barnaherbergi\u00f0!\u00a0<\/span><\/div>\n<\/div>\n<div class=\"\" data-block=\"true\" data-editor=\"768hv\" data-offset-key=\"20bun-0-0\">\n<div class=\"_1mf _1mj\" data-offset-key=\"20bun-0-0\"><span data-offset-key=\"20bun-0-0\">Me\u00f0 innbygg\u00f0um hlj\u00f3\u00f0um, 4 x mismunandi r\u00f3andi hlj\u00f3\u00f0um + 2x v\u00f6gguv\u00edsum!\u00a0<\/span><\/div>\n<div data-offset-key=\"20bun-0-0\">\u00c6\u00f0islegt n\u00e6turlj\u00f3s &#8211; Mallinn \u00e1 Pippi l\u00fdsist upp \u00feegar kveikt er \u00e1 honum!<\/div>\n<\/div>\n<div class=\"\" data-block=\"true\" data-editor=\"768hv\" data-offset-key=\"69lh6-0-0\">\n<div class=\"_1mf _1mj\" data-offset-key=\"69lh6-0-0\"><span data-offset-key=\"69lh6-0-0\">\u00a0<\/span><\/div>\n<\/div>\n<div class=\"\" data-block=\"true\" data-editor=\"768hv\" data-offset-key=\"q6h-0-0\">\n<div class=\"_1mf _1mj\" data-offset-key=\"q6h-0-0\"><\/div>\n<\/div>\n<div class=\"\" data-block=\"true\" data-editor=\"768hv\" data-offset-key=\"f7d0l-0-0\">\n<p><span data-offset-key=\"f7d0l-0-0\">Pippi getur veri\u00f0 \u00ed allt a\u00f0 12 klst \u00ed gangi \u00ed hvert sinn!<\/span><\/p>\n<ul>\n<li class=\"_1mf _1mj\" data-offset-key=\"f7d0l-0-0\">180 ml vatnstankur.<\/li>\n<\/ul>\n<\/div>\n<div class=\"\" data-block=\"true\" data-editor=\"768hv\" data-offset-key=\"co750-0-0\">\n<ul>\n<li class=\"_1mf _1mj\" data-offset-key=\"co750-0-0\"><span data-offset-key=\"co750-0-0\">Lj\u00f3s sem skiptir litum, h\u00e6gt a\u00f0 stoppa lj\u00f3s \u00e1 lit a\u00f0 eigin vali sem og sl\u00f6kkva alveg \u00e1 \u00fev\u00ed me\u00f0 &#8222;Night Mode&#8220; stillingu.<\/span><\/li>\n<\/ul>\n<\/div>\n<div class=\"\" data-block=\"true\" data-editor=\"768hv\" data-offset-key=\"9s2ch-0-0\">\n<ul>\n<li class=\"_1mf _1mj\" data-offset-key=\"9s2ch-0-0\"><span data-offset-key=\"9s2ch-0-0\">4x mismunandi r\u00f3andi hlj\u00f3\u00f0 &amp; 2 v\u00f6gguv\u00edsur.<\/span><\/li>\n<\/ul>\n<\/div>\n<div class=\"\" data-block=\"true\" data-editor=\"768hv\" data-offset-key=\"4clkl-0-0\">\n<ul>\n<li class=\"_1mf _1mj\" data-offset-key=\"4clkl-0-0\"><span data-offset-key=\"4clkl-0-0\">Slekkur sj\u00e1lfur \u00e1 s\u00e9r \u00feegar vatni\u00f0 kl\u00e1rast.<\/span><\/li>\n<\/ul>\n<\/div>\n<div class=\"\" data-block=\"true\" data-editor=\"768hv\" data-offset-key=\"as83l-0-0\">\n<ul>\n<li class=\"_1mf _1mj\" data-offset-key=\"as83l-0-0\"><span data-offset-key=\"as83l-0-0\">Au\u00f0velt a\u00f0 \u00fer\u00edfa.<\/span><\/li>\n<\/ul>\n<\/div>\n<div class=\"\" data-block=\"true\" data-editor=\"768hv\" data-offset-key=\"22ebb-0-0\">\n<div class=\"_1mf _1mj\" data-offset-key=\"22ebb-0-0\"><span data-offset-key=\"22ebb-0-0\">\u00a0<\/span><\/div>\n<\/div>\n<div class=\"\" data-block=\"true\" data-editor=\"768hv\" data-offset-key=\"2r9qq-0-0\">\n<div class=\"_1mf _1mj\" data-offset-key=\"2r9qq-0-0\"><span data-offset-key=\"2r9qq-0-0\">\u00a0<\/span><\/div>\n<\/div>\n<div class=\"\" data-block=\"true\" data-editor=\"768hv\" data-offset-key=\"7ucl8-0-0\">\n<div class=\"_1mf _1mj\" data-offset-key=\"7ucl8-0-0\"><img fetchpriority=\"high\" decoding=\"async\" class=\"alignnone size-medium wp-image-17649\" src=\"https:\/\/ilmoliulampar.is\/\/wp-content\/uploads\/2022\/02\/pippi_studio_red_light-300x300.jpg\" alt=\"\" width=\"300\" height=\"300\" \/><\/div>\n<div class=\"_1mf _1mj\" data-offset-key=\"7ucl8-0-0\"><img decoding=\"async\" class=\"alignnone size-medium wp-image-17650\" src=\"https:\/\/ilmoliulampar.is\/\/wp-content\/uploads\/2022\/02\/pippi_studio_ambient_light-300x300.jpg\" alt=\"\" width=\"300\" height=\"300\" \/><\/div>\n<\/div>","protected":false},"featured_media":43650,"comment_status":"closed","ping_status":"closed","template":"","meta":[],"product_brand":[],"product_cat":[182,107],"product_tag":[],"class_list":{"0":"post-53094","1":"product","2":"type-product","3":"status-publish","4":"has-post-thumbnail","6":"product_cat-ilmoliulampar","7":"product_cat-lampar","9":"first","10":"instock","11":"shipping-taxable","12":"purchasable","13":"product-type-simple"},"_links":{"self":[{"href":"https:\/\/ilmoliulampar.is\/en_gb\/wp-json\/wp\/v2\/product\/53094","targetHints":{"allow":["GET"]}}],"collection":[{"href":"https:\/\/ilmoliulampar.is\/en_gb\/wp-json\/wp\/v2\/product"}],"about":[{"href":"https:\/\/ilmoliulampar.is\/en_gb\/wp-json\/wp\/v2\/types\/product"}],"replies":[{"embeddable":true,"href":"https:\/\/ilmoliulampar.is\/en_gb\/wp-json\/wp\/v2\/comments?post=53094"}],"wp:featuredmedia":[{"embeddable":true,"href":"https:\/\/ilmoliulampar.is\/en_gb\/wp-json\/wp\/v2\/media\/43650"}],"wp:attachment":[{"href":"https:\/\/ilmoliulampar.is\/en_gb\/wp-json\/wp\/v2\/media?parent=53094"}],"wp:term":[{"taxonomy":"product_brand","embeddable":true,"href":"https:\/\/ilmoliulampar.is\/en_gb\/wp-json\/wp\/v2\/product_brand?post=53094"},{"taxonomy":"product_cat","embeddable":true,"href":"https:\/\/ilmoliulampar.is\/en_gb\/wp-json\/wp\/v2\/product_cat?post=53094"},{"taxonomy":"product_tag","embeddable":true,"href":"https:\/\/ilmoliulampar.is\/en_gb\/wp-json\/wp\/v2\/product_tag?post=53094"}],"curies":[{"name":"wp","href":"https:\/\/api.w.org\/{rel}","templated":true}]}}