{"id":53096,"date":"2022-02-10T16:40:09","date_gmt":"2022-02-10T16:40:09","guid":{"rendered":"https:\/\/new.ilmoliulampar.is\/product\/eco-by-sonya-lemongrass-deodorant\/"},"modified":"2026-03-27T11:07:44","modified_gmt":"2026-03-27T11:07:44","slug":"eco-by-sonya-lemongrass-deodorant","status":"publish","type":"product","link":"https:\/\/ilmoliulampar.is\/en_gb\/product\/eco-by-sonya-lemongrass-deodorant\/","title":{"rendered":"Eco by Sonya &#8211; Lemongrass Deodorant"},"content":{"rendered":"","protected":false},"excerpt":{"rendered":"<p>\u00d6flugur, l\u00edfr\u00e6nn &amp; n\u00e1tt\u00farulegur svitalykta-ey\u00f0ir. Ilmar af Lemongrass, Eucalyptus &amp; Citrus, hentar \u00fev\u00ed vel fyrir \u00f6ll kyn. \u00deessi deodorant heldur sv\u00e6\u00f0inu \u00feurru &amp; vel ilmandi allan daginn!<\/p>\n<p>\u00de\u00fa munt ekki \u00feurfa annan en \u00feennan&#8230;&#8230;<\/p>\n<ul>\n<li>S\u00f3tthreinsandi eiginleikar sem koma \u00ed veg fyrir illa lyktandi bakter\u00edur.<\/li>\n<li>Inniheldur <strong>EKKI<\/strong> Aluminium, Bi-Carb e\u00f0a gervi ilmefni.<\/li>\n<li>N\u00e6randi &amp; mild form\u00fala, ger\u00f0 fyrir vi\u00f0kv\u00e6ma h\u00fa\u00f0.<\/li>\n<li>Enginn falin &#8222;eiturefni&#8220;<\/li>\n<\/ul>\n<p>&nbsp;<\/p>","protected":false},"featured_media":43670,"comment_status":"closed","ping_status":"closed","template":"","meta":[],"product_brand":[],"product_cat":[129,191],"product_tag":[],"class_list":{"0":"post-53096","1":"product","2":"type-product","3":"status-publish","4":"has-post-thumbnail","6":"product_cat-eco-by-sonya","7":"product_cat-hud-og-snyrtivorur","9":"first","10":"instock","11":"shipping-taxable","12":"purchasable","13":"product-type-simple"},"_links":{"self":[{"href":"https:\/\/ilmoliulampar.is\/en_gb\/wp-json\/wp\/v2\/product\/53096","targetHints":{"allow":["GET"]}}],"collection":[{"href":"https:\/\/ilmoliulampar.is\/en_gb\/wp-json\/wp\/v2\/product"}],"about":[{"href":"https:\/\/ilmoliulampar.is\/en_gb\/wp-json\/wp\/v2\/types\/product"}],"replies":[{"embeddable":true,"href":"https:\/\/ilmoliulampar.is\/en_gb\/wp-json\/wp\/v2\/comments?post=53096"}],"wp:featuredmedia":[{"embeddable":true,"href":"https:\/\/ilmoliulampar.is\/en_gb\/wp-json\/wp\/v2\/media\/43670"}],"wp:attachment":[{"href":"https:\/\/ilmoliulampar.is\/en_gb\/wp-json\/wp\/v2\/media?parent=53096"}],"wp:term":[{"taxonomy":"product_brand","embeddable":true,"href":"https:\/\/ilmoliulampar.is\/en_gb\/wp-json\/wp\/v2\/product_brand?post=53096"},{"taxonomy":"product_cat","embeddable":true,"href":"https:\/\/ilmoliulampar.is\/en_gb\/wp-json\/wp\/v2\/product_cat?post=53096"},{"taxonomy":"product_tag","embeddable":true,"href":"https:\/\/ilmoliulampar.is\/en_gb\/wp-json\/wp\/v2\/product_tag?post=53096"}],"curies":[{"name":"wp","href":"https:\/\/api.w.org\/{rel}","templated":true}]}}