{"id":53100,"date":"2022-02-24T17:12:22","date_gmt":"2022-02-24T17:12:22","guid":{"rendered":"https:\/\/new.ilmoliulampar.is\/product\/barna-olia-all-better\/"},"modified":"2024-04-19T17:24:02","modified_gmt":"2024-04-19T17:24:02","slug":"barna-olia-all-better","status":"publish","type":"product","link":"https:\/\/ilmoliulampar.is\/en_gb\/product\/barna-olia-all-better\/","title":{"rendered":"Barna ol\u00eda &#8211; All better"},"content":{"rendered":"","protected":false},"excerpt":{"rendered":"<p>\u00deessi mj\u00faka mintu blanda er n\u00e6stum eins g\u00f3\u00f0 og kossinn hennar m\u00f6mmu! Settu nokkra dropa \u00ed ilmol\u00edulampann til a\u00f0 r\u00f3a barni\u00f0 og auka \u00fe\u00e6gindi.<\/p>\n<p><strong>Blanda af<\/strong> Orange, Spearmint, Lavender, Ginger &amp; Roman Chamomile.<\/p>\n<p>&nbsp;<\/p>","protected":false},"featured_media":43686,"comment_status":"closed","ping_status":"open","template":"","meta":[],"product_brand":[],"product_cat":[224,209,108],"product_tag":[],"class_list":{"0":"post-53100","1":"product","2":"type-product","3":"status-publish","4":"has-post-thumbnail","6":"product_cat-ilmkjarnaoliur-oliur","7":"product_cat-nyjar-oliur-oliur","8":"product_cat-oliur","10":"first","11":"instock","12":"shipping-taxable","13":"purchasable","14":"product-type-simple"},"_links":{"self":[{"href":"https:\/\/ilmoliulampar.is\/en_gb\/wp-json\/wp\/v2\/product\/53100","targetHints":{"allow":["GET"]}}],"collection":[{"href":"https:\/\/ilmoliulampar.is\/en_gb\/wp-json\/wp\/v2\/product"}],"about":[{"href":"https:\/\/ilmoliulampar.is\/en_gb\/wp-json\/wp\/v2\/types\/product"}],"replies":[{"embeddable":true,"href":"https:\/\/ilmoliulampar.is\/en_gb\/wp-json\/wp\/v2\/comments?post=53100"}],"wp:featuredmedia":[{"embeddable":true,"href":"https:\/\/ilmoliulampar.is\/en_gb\/wp-json\/wp\/v2\/media\/43686"}],"wp:attachment":[{"href":"https:\/\/ilmoliulampar.is\/en_gb\/wp-json\/wp\/v2\/media?parent=53100"}],"wp:term":[{"taxonomy":"product_brand","embeddable":true,"href":"https:\/\/ilmoliulampar.is\/en_gb\/wp-json\/wp\/v2\/product_brand?post=53100"},{"taxonomy":"product_cat","embeddable":true,"href":"https:\/\/ilmoliulampar.is\/en_gb\/wp-json\/wp\/v2\/product_cat?post=53100"},{"taxonomy":"product_tag","embeddable":true,"href":"https:\/\/ilmoliulampar.is\/en_gb\/wp-json\/wp\/v2\/product_tag?post=53100"}],"curies":[{"name":"wp","href":"https:\/\/api.w.org\/{rel}","templated":true}]}}