{"id":53101,"date":"2022-02-24T17:18:13","date_gmt":"2022-02-24T17:18:13","guid":{"rendered":"https:\/\/new.ilmoliulampar.is\/product\/barna-olia-royal-guard\/"},"modified":"2024-04-19T17:25:26","modified_gmt":"2024-04-19T17:25:26","slug":"barna-olia-royal-guard","status":"publish","type":"product","link":"https:\/\/ilmoliulampar.is\/en_gb\/product\/barna-olia-royal-guard\/","title":{"rendered":"Barna ol\u00eda &#8211; Royal Guard"},"content":{"rendered":"","protected":false},"excerpt":{"rendered":"<p>Hl\u00fd blanda af allskonar jurtum! Settu nokkra dropa \u00ed ilmol\u00edulampann til a\u00f0 verjast gegn hef\u00f0bundnu flensum (og drekum!)<\/p>\n<p><strong>Blanda a<\/strong>f Balsam, Cedarwood, Chamomile, Davana, Lavender, Lemon, Orange, Spermint &amp; Tangerine.<\/p>\n<p>&nbsp;<\/p>","protected":false},"featured_media":43689,"comment_status":"closed","ping_status":"open","template":"","meta":[],"product_brand":[],"product_cat":[224,209,108],"product_tag":[],"class_list":{"0":"post-53101","1":"product","2":"type-product","3":"status-publish","4":"has-post-thumbnail","6":"product_cat-ilmkjarnaoliur-oliur","7":"product_cat-nyjar-oliur-oliur","8":"product_cat-oliur","10":"first","11":"instock","12":"shipping-taxable","13":"purchasable","14":"product-type-simple"},"_links":{"self":[{"href":"https:\/\/ilmoliulampar.is\/en_gb\/wp-json\/wp\/v2\/product\/53101","targetHints":{"allow":["GET"]}}],"collection":[{"href":"https:\/\/ilmoliulampar.is\/en_gb\/wp-json\/wp\/v2\/product"}],"about":[{"href":"https:\/\/ilmoliulampar.is\/en_gb\/wp-json\/wp\/v2\/types\/product"}],"replies":[{"embeddable":true,"href":"https:\/\/ilmoliulampar.is\/en_gb\/wp-json\/wp\/v2\/comments?post=53101"}],"wp:featuredmedia":[{"embeddable":true,"href":"https:\/\/ilmoliulampar.is\/en_gb\/wp-json\/wp\/v2\/media\/43689"}],"wp:attachment":[{"href":"https:\/\/ilmoliulampar.is\/en_gb\/wp-json\/wp\/v2\/media?parent=53101"}],"wp:term":[{"taxonomy":"product_brand","embeddable":true,"href":"https:\/\/ilmoliulampar.is\/en_gb\/wp-json\/wp\/v2\/product_brand?post=53101"},{"taxonomy":"product_cat","embeddable":true,"href":"https:\/\/ilmoliulampar.is\/en_gb\/wp-json\/wp\/v2\/product_cat?post=53101"},{"taxonomy":"product_tag","embeddable":true,"href":"https:\/\/ilmoliulampar.is\/en_gb\/wp-json\/wp\/v2\/product_tag?post=53101"}],"curies":[{"name":"wp","href":"https:\/\/api.w.org\/{rel}","templated":true}]}}