{"id":53102,"date":"2022-02-24T17:22:13","date_gmt":"2022-02-24T17:22:13","guid":{"rendered":"https:\/\/new.ilmoliulampar.is\/product\/barna-olia-little-genius\/"},"modified":"2024-04-19T17:24:43","modified_gmt":"2024-04-19T17:24:43","slug":"barna-olia-little-genius","status":"publish","type":"product","link":"https:\/\/ilmoliulampar.is\/en_gb\/product\/barna-olia-little-genius\/","title":{"rendered":"Barna ol\u00eda &#8211; Little Genius"},"content":{"rendered":"","protected":false},"excerpt":{"rendered":"<p>Taktu eftir! \u00deessi blanda er gr\u00e6n, bj\u00f6rt &amp; sk\u00ednandi! Settu nokkra dropa \u00ed ilmol\u00edulampann til hvetja litla snillinginn \u00feinn til a\u00f0 f\u00f3kusa og einbeita s\u00e9r!<\/p>\n<p><strong>Blanda af<\/strong>: Cedarwood, Chamomile, Lavender, Marjoram, Orange, Vetiver &amp; Ylang Ylang<\/p>\n<p>&nbsp;<\/p>","protected":false},"featured_media":43692,"comment_status":"closed","ping_status":"open","template":"","meta":[],"product_brand":[],"product_cat":[224,209,108],"product_tag":[],"class_list":{"0":"post-53102","1":"product","2":"type-product","3":"status-publish","4":"has-post-thumbnail","6":"product_cat-ilmkjarnaoliur-oliur","7":"product_cat-nyjar-oliur-oliur","8":"product_cat-oliur","10":"first","11":"instock","12":"shipping-taxable","13":"purchasable","14":"product-type-simple"},"_links":{"self":[{"href":"https:\/\/ilmoliulampar.is\/en_gb\/wp-json\/wp\/v2\/product\/53102","targetHints":{"allow":["GET"]}}],"collection":[{"href":"https:\/\/ilmoliulampar.is\/en_gb\/wp-json\/wp\/v2\/product"}],"about":[{"href":"https:\/\/ilmoliulampar.is\/en_gb\/wp-json\/wp\/v2\/types\/product"}],"replies":[{"embeddable":true,"href":"https:\/\/ilmoliulampar.is\/en_gb\/wp-json\/wp\/v2\/comments?post=53102"}],"wp:featuredmedia":[{"embeddable":true,"href":"https:\/\/ilmoliulampar.is\/en_gb\/wp-json\/wp\/v2\/media\/43692"}],"wp:attachment":[{"href":"https:\/\/ilmoliulampar.is\/en_gb\/wp-json\/wp\/v2\/media?parent=53102"}],"wp:term":[{"taxonomy":"product_brand","embeddable":true,"href":"https:\/\/ilmoliulampar.is\/en_gb\/wp-json\/wp\/v2\/product_brand?post=53102"},{"taxonomy":"product_cat","embeddable":true,"href":"https:\/\/ilmoliulampar.is\/en_gb\/wp-json\/wp\/v2\/product_cat?post=53102"},{"taxonomy":"product_tag","embeddable":true,"href":"https:\/\/ilmoliulampar.is\/en_gb\/wp-json\/wp\/v2\/product_tag?post=53102"}],"curies":[{"name":"wp","href":"https:\/\/api.w.org\/{rel}","templated":true}]}}