{"id":53103,"date":"2022-02-24T17:27:02","date_gmt":"2022-02-24T17:27:02","guid":{"rendered":"https:\/\/new.ilmoliulampar.is\/product\/barna-olia-no-worries-mate\/"},"modified":"2024-04-19T17:23:17","modified_gmt":"2024-04-19T17:23:17","slug":"barna-olia-no-worries-mate","status":"publish","type":"product","link":"https:\/\/ilmoliulampar.is\/en_gb\/product\/barna-olia-no-worries-mate\/","title":{"rendered":"Barna ol\u00eda &#8211; No worries mate"},"content":{"rendered":"","protected":false},"excerpt":{"rendered":"<p>Engar \u00e1hyggjur f\u00e9lagi! Nj\u00f3ttu \u00feessara bj\u00f6rtu &amp; s\u00e6tu bl\u00f6ndu! Settu nokkra dropa \u00ed ilmol\u00edulampann til a\u00f0 l\u00e9tta lundina og til \u00fea\u00f0 b\u00e6ta jafnv\u00e6gi\u00f0 \u00ed umhverfi litla gullsins \u00fe\u00edns!<\/p>\n<p><strong>Blanda af<\/strong>: Furu n\u00e1lum, Geranium, Grapefruit, Lemon &amp; Orange<\/p>","protected":false},"featured_media":43695,"comment_status":"closed","ping_status":"open","template":"","meta":[],"product_brand":[],"product_cat":[224,209,108],"product_tag":[],"class_list":{"0":"post-53103","1":"product","2":"type-product","3":"status-publish","4":"has-post-thumbnail","6":"product_cat-ilmkjarnaoliur-oliur","7":"product_cat-nyjar-oliur-oliur","8":"product_cat-oliur","10":"first","11":"instock","12":"shipping-taxable","13":"purchasable","14":"product-type-simple"},"_links":{"self":[{"href":"https:\/\/ilmoliulampar.is\/en_gb\/wp-json\/wp\/v2\/product\/53103","targetHints":{"allow":["GET"]}}],"collection":[{"href":"https:\/\/ilmoliulampar.is\/en_gb\/wp-json\/wp\/v2\/product"}],"about":[{"href":"https:\/\/ilmoliulampar.is\/en_gb\/wp-json\/wp\/v2\/types\/product"}],"replies":[{"embeddable":true,"href":"https:\/\/ilmoliulampar.is\/en_gb\/wp-json\/wp\/v2\/comments?post=53103"}],"wp:featuredmedia":[{"embeddable":true,"href":"https:\/\/ilmoliulampar.is\/en_gb\/wp-json\/wp\/v2\/media\/43695"}],"wp:attachment":[{"href":"https:\/\/ilmoliulampar.is\/en_gb\/wp-json\/wp\/v2\/media?parent=53103"}],"wp:term":[{"taxonomy":"product_brand","embeddable":true,"href":"https:\/\/ilmoliulampar.is\/en_gb\/wp-json\/wp\/v2\/product_brand?post=53103"},{"taxonomy":"product_cat","embeddable":true,"href":"https:\/\/ilmoliulampar.is\/en_gb\/wp-json\/wp\/v2\/product_cat?post=53103"},{"taxonomy":"product_tag","embeddable":true,"href":"https:\/\/ilmoliulampar.is\/en_gb\/wp-json\/wp\/v2\/product_tag?post=53103"}],"curies":[{"name":"wp","href":"https:\/\/api.w.org\/{rel}","templated":true}]}}