{"id":53104,"date":"2022-02-24T17:31:41","date_gmt":"2022-02-24T17:31:41","guid":{"rendered":"https:\/\/new.ilmoliulampar.is\/product\/barna-olia-dreamland\/"},"modified":"2026-02-10T12:30:00","modified_gmt":"2026-02-10T12:30:00","slug":"barna-olia-dreamland","status":"publish","type":"product","link":"https:\/\/ilmoliulampar.is\/en_gb\/product\/barna-olia-dreamland\/","title":{"rendered":"Barna ol\u00eda &#8211; Dreamland"},"content":{"rendered":"","protected":false},"excerpt":{"rendered":"<p>S\u00e6t og bl\u00f3mkennd blanda, notu\u00f0 til a\u00f0 \u00fatb\u00faa r\u00f3andi og svefnv\u00e6nt umhverfi fyrir litla svefn\u00e1lfinn \u00feinn.<\/p>\n<p><strong>Blanda af<\/strong>: Geranium, Lavandin, Orange &amp; Tangerine.<\/p>\n<p>&nbsp;<\/p>","protected":false},"featured_media":43698,"comment_status":"closed","ping_status":"closed","template":"","meta":[],"product_brand":[],"product_cat":[224,230,108],"product_tag":[],"class_list":{"0":"post-53104","1":"product","2":"type-product","3":"status-publish","4":"has-post-thumbnail","6":"product_cat-ilmkjarnaoliur-oliur","7":"product_cat-laekkadverd","8":"product_cat-oliur","10":"first","11":"instock","12":"sale","13":"shipping-taxable","14":"purchasable","15":"product-type-simple"},"_links":{"self":[{"href":"https:\/\/ilmoliulampar.is\/en_gb\/wp-json\/wp\/v2\/product\/53104","targetHints":{"allow":["GET"]}}],"collection":[{"href":"https:\/\/ilmoliulampar.is\/en_gb\/wp-json\/wp\/v2\/product"}],"about":[{"href":"https:\/\/ilmoliulampar.is\/en_gb\/wp-json\/wp\/v2\/types\/product"}],"replies":[{"embeddable":true,"href":"https:\/\/ilmoliulampar.is\/en_gb\/wp-json\/wp\/v2\/comments?post=53104"}],"wp:featuredmedia":[{"embeddable":true,"href":"https:\/\/ilmoliulampar.is\/en_gb\/wp-json\/wp\/v2\/media\/43698"}],"wp:attachment":[{"href":"https:\/\/ilmoliulampar.is\/en_gb\/wp-json\/wp\/v2\/media?parent=53104"}],"wp:term":[{"taxonomy":"product_brand","embeddable":true,"href":"https:\/\/ilmoliulampar.is\/en_gb\/wp-json\/wp\/v2\/product_brand?post=53104"},{"taxonomy":"product_cat","embeddable":true,"href":"https:\/\/ilmoliulampar.is\/en_gb\/wp-json\/wp\/v2\/product_cat?post=53104"},{"taxonomy":"product_tag","embeddable":true,"href":"https:\/\/ilmoliulampar.is\/en_gb\/wp-json\/wp\/v2\/product_tag?post=53104"}],"curies":[{"name":"wp","href":"https:\/\/api.w.org\/{rel}","templated":true}]}}