{"id":53105,"date":"2022-02-26T16:44:16","date_gmt":"2022-02-26T16:44:16","guid":{"rendered":"https:\/\/new.ilmoliulampar.is\/product\/tide-ilmolia\/"},"modified":"2026-03-11T14:33:07","modified_gmt":"2026-03-11T14:33:07","slug":"tide-ilmolia","status":"publish","type":"product","link":"https:\/\/ilmoliulampar.is\/en_gb\/product\/tide-ilmolia\/","title":{"rendered":"TIDE"},"content":{"rendered":"","protected":false},"excerpt":{"rendered":"<p><strong>Tide &#8211; ilmol\u00eda!<\/strong><\/p>\n<p>Tandur hreinn og brakandi ferskur ilmur&#8230;. \u00feessi er einn s\u00e1 allra hreinlegasti, mildur en samt \u00feannig a\u00f0 \u00fe\u00fa finnur vel ilminn \u00feegar TIDE er \u00ed ilmol\u00edulampanum!<br \/>\nEf \u00fe\u00fa elskar hreinlega ilmi \u00fe\u00e1 er \u00feessi KL\u00c1RLEGA fyrir \u00feig!<br \/>\n10 ml glas.<\/p>\n<p>&nbsp;<\/p>\n<p><em>(ATH. um er a\u00f0 r\u00e6\u00f0a ilmol\u00edu, myndin er eing\u00f6ngu notu\u00f0 til \u00feess a\u00f0 s\u00fdna um hva\u00f0a ilm er a\u00f0 r\u00e6\u00f0a)<\/em><\/p>","protected":false},"featured_media":43701,"comment_status":"closed","ping_status":"closed","template":"","meta":[],"product_brand":[],"product_cat":[195,209,108],"product_tag":[],"class_list":{"0":"post-53105","1":"product","2":"type-product","3":"status-publish","4":"has-post-thumbnail","6":"product_cat-ilmoliur-oliur","7":"product_cat-nyjar-oliur-oliur","8":"product_cat-oliur","10":"first","11":"instock","12":"shipping-taxable","13":"purchasable","14":"product-type-simple"},"_links":{"self":[{"href":"https:\/\/ilmoliulampar.is\/en_gb\/wp-json\/wp\/v2\/product\/53105","targetHints":{"allow":["GET"]}}],"collection":[{"href":"https:\/\/ilmoliulampar.is\/en_gb\/wp-json\/wp\/v2\/product"}],"about":[{"href":"https:\/\/ilmoliulampar.is\/en_gb\/wp-json\/wp\/v2\/types\/product"}],"replies":[{"embeddable":true,"href":"https:\/\/ilmoliulampar.is\/en_gb\/wp-json\/wp\/v2\/comments?post=53105"}],"wp:featuredmedia":[{"embeddable":true,"href":"https:\/\/ilmoliulampar.is\/en_gb\/wp-json\/wp\/v2\/media\/43701"}],"wp:attachment":[{"href":"https:\/\/ilmoliulampar.is\/en_gb\/wp-json\/wp\/v2\/media?parent=53105"}],"wp:term":[{"taxonomy":"product_brand","embeddable":true,"href":"https:\/\/ilmoliulampar.is\/en_gb\/wp-json\/wp\/v2\/product_brand?post=53105"},{"taxonomy":"product_cat","embeddable":true,"href":"https:\/\/ilmoliulampar.is\/en_gb\/wp-json\/wp\/v2\/product_cat?post=53105"},{"taxonomy":"product_tag","embeddable":true,"href":"https:\/\/ilmoliulampar.is\/en_gb\/wp-json\/wp\/v2\/product_tag?post=53105"}],"curies":[{"name":"wp","href":"https:\/\/api.w.org\/{rel}","templated":true}]}}