{"id":53106,"date":"2022-02-27T14:00:18","date_gmt":"2022-02-27T14:00:18","guid":{"rendered":"https:\/\/new.ilmoliulampar.is\/product\/nag-champa-ilmolia\/"},"modified":"2025-11-03T17:31:25","modified_gmt":"2025-11-03T17:31:25","slug":"nag-champa-ilmolia","status":"publish","type":"product","link":"https:\/\/ilmoliulampar.is\/en_gb\/product\/nag-champa-ilmolia\/","title":{"rendered":"NAG CHAMPA"},"content":{"rendered":"","protected":false},"excerpt":{"rendered":"<p>Nag Champa ilmol\u00eda<\/p>\n<p>L\u00e9ttur en hl\u00fdr og vi\u00f0urkenndur ilmur, \u00f6rl\u00edti\u00f0 krydda\u00f0ur og hreinlegur a\u00f0 sama skapi.<\/p>\n<p>Patchouli &amp; Sandalwood.<\/p>\n<p>&nbsp;<\/p>\n<p><em>(ATH. um er a\u00f0 r\u00e6\u00f0a ilmol\u00edu, myndin er eing\u00f6ngu notu\u00f0 til \u00feess a\u00f0 s\u00fdna um hva\u00f0a ilm er a\u00f0 r\u00e6\u00f0a)<\/em><\/p>\n<p>&nbsp;<\/p>\n<p>&nbsp;<\/p>\n<p>&nbsp;<\/p>\n<p>&nbsp;<\/p>\n<p>Ath, um er a\u00f0 r\u00e6\u00f0a ilmol\u00edu, myndin er notu\u00f0 til \u00feess a\u00f0 l\u00fdsa ilminum sem vi\u00f0 er \u00e1tt<\/p>","protected":false},"featured_media":43704,"comment_status":"closed","ping_status":"closed","template":"","meta":[],"product_brand":[],"product_cat":[195,209,108],"product_tag":[],"class_list":{"0":"post-53106","1":"product","2":"type-product","3":"status-publish","4":"has-post-thumbnail","6":"product_cat-ilmoliur-oliur","7":"product_cat-nyjar-oliur-oliur","8":"product_cat-oliur","10":"first","11":"instock","12":"shipping-taxable","13":"purchasable","14":"product-type-simple"},"_links":{"self":[{"href":"https:\/\/ilmoliulampar.is\/en_gb\/wp-json\/wp\/v2\/product\/53106","targetHints":{"allow":["GET"]}}],"collection":[{"href":"https:\/\/ilmoliulampar.is\/en_gb\/wp-json\/wp\/v2\/product"}],"about":[{"href":"https:\/\/ilmoliulampar.is\/en_gb\/wp-json\/wp\/v2\/types\/product"}],"replies":[{"embeddable":true,"href":"https:\/\/ilmoliulampar.is\/en_gb\/wp-json\/wp\/v2\/comments?post=53106"}],"wp:featuredmedia":[{"embeddable":true,"href":"https:\/\/ilmoliulampar.is\/en_gb\/wp-json\/wp\/v2\/media\/43704"}],"wp:attachment":[{"href":"https:\/\/ilmoliulampar.is\/en_gb\/wp-json\/wp\/v2\/media?parent=53106"}],"wp:term":[{"taxonomy":"product_brand","embeddable":true,"href":"https:\/\/ilmoliulampar.is\/en_gb\/wp-json\/wp\/v2\/product_brand?post=53106"},{"taxonomy":"product_cat","embeddable":true,"href":"https:\/\/ilmoliulampar.is\/en_gb\/wp-json\/wp\/v2\/product_cat?post=53106"},{"taxonomy":"product_tag","embeddable":true,"href":"https:\/\/ilmoliulampar.is\/en_gb\/wp-json\/wp\/v2\/product_tag?post=53106"}],"curies":[{"name":"wp","href":"https:\/\/api.w.org\/{rel}","templated":true}]}}