{"id":53107,"date":"2022-02-28T17:23:58","date_gmt":"2022-02-28T17:23:58","guid":{"rendered":"https:\/\/new.ilmoliulampar.is\/product\/jamaica-me-crazy\/"},"modified":"2025-11-03T17:32:15","modified_gmt":"2025-11-03T17:32:15","slug":"jamaica-me-crazy","status":"publish","type":"product","link":"https:\/\/ilmoliulampar.is\/en_gb\/product\/jamaica-me-crazy\/","title":{"rendered":"JAMAICA ME CRAZY"},"content":{"rendered":"","protected":false},"excerpt":{"rendered":"<p>Jamaica Me Crazy ilmol\u00eda!<\/p>\n<p>Su\u00f0r\u00e6n parad\u00eds \u00ed fl\u00f6sku! Jamaica Me Crazy inniheldur mandar\u00ednur, Mex\u00edkanskt lime, safar\u00edkar vatnsmel\u00f3nur, gr\u00e6n epli, kantal\u00f3pu, Kumquat (s\u00edtrus \u00e1v\u00f6xtur) og gula mel\u00f3nu.<\/p>","protected":false},"featured_media":43711,"comment_status":"closed","ping_status":"closed","template":"","meta":[],"product_brand":[],"product_cat":[195,209,108],"product_tag":[],"class_list":{"0":"post-53107","1":"product","2":"type-product","3":"status-publish","4":"has-post-thumbnail","6":"product_cat-ilmoliur-oliur","7":"product_cat-nyjar-oliur-oliur","8":"product_cat-oliur","10":"first","11":"instock","12":"shipping-taxable","13":"purchasable","14":"product-type-simple"},"_links":{"self":[{"href":"https:\/\/ilmoliulampar.is\/en_gb\/wp-json\/wp\/v2\/product\/53107","targetHints":{"allow":["GET"]}}],"collection":[{"href":"https:\/\/ilmoliulampar.is\/en_gb\/wp-json\/wp\/v2\/product"}],"about":[{"href":"https:\/\/ilmoliulampar.is\/en_gb\/wp-json\/wp\/v2\/types\/product"}],"replies":[{"embeddable":true,"href":"https:\/\/ilmoliulampar.is\/en_gb\/wp-json\/wp\/v2\/comments?post=53107"}],"wp:featuredmedia":[{"embeddable":true,"href":"https:\/\/ilmoliulampar.is\/en_gb\/wp-json\/wp\/v2\/media\/43711"}],"wp:attachment":[{"href":"https:\/\/ilmoliulampar.is\/en_gb\/wp-json\/wp\/v2\/media?parent=53107"}],"wp:term":[{"taxonomy":"product_brand","embeddable":true,"href":"https:\/\/ilmoliulampar.is\/en_gb\/wp-json\/wp\/v2\/product_brand?post=53107"},{"taxonomy":"product_cat","embeddable":true,"href":"https:\/\/ilmoliulampar.is\/en_gb\/wp-json\/wp\/v2\/product_cat?post=53107"},{"taxonomy":"product_tag","embeddable":true,"href":"https:\/\/ilmoliulampar.is\/en_gb\/wp-json\/wp\/v2\/product_tag?post=53107"}],"curies":[{"name":"wp","href":"https:\/\/api.w.org\/{rel}","templated":true}]}}