{"id":53113,"date":"2022-03-11T09:45:07","date_gmt":"2022-03-11T09:45:07","guid":{"rendered":"https:\/\/new.ilmoliulampar.is\/product\/rumteppi-steingratt\/"},"modified":"2025-11-03T13:42:32","modified_gmt":"2025-11-03T13:42:32","slug":"rumteppi-steingratt","status":"publish","type":"product","link":"https:\/\/ilmoliulampar.is\/en_gb\/product\/rumteppi-steingratt\/","title":{"rendered":"R\u00famteppi &#8211; Steingr\u00e1tt, 260&#215;280 cm"},"content":{"rendered":"","protected":false},"excerpt":{"rendered":"<p dir=\"ltr\">30% afsl\u00e1ttur! D\u00e1samlegt r\u00famteppi fr\u00e1 fagurkerunum \u00ed Cozy Living, DK<br \/>\n\u25aa\ufe0fVer\u00f0 n\u00fa: 34.230 kr<br \/>\n\u25aa\ufe0fFullt ver\u00f0 48.900 kr<\/p>\n<p dir=\"ltr\">Um er a\u00f0 r\u00e6\u00f0a st\u00f3rt, \u00feykkt og veglegt r\u00famteppi \u00ed steingr\u00e1um lit.<\/p>\n<p dir=\"ltr\">St\u00e6r\u00f0: 260 x 280 cm.<br \/>\nLitur: steingr\u00e1r<br \/>\nEfni: Framan \u00e1 100% b\u00f3mull &amp; velvet.<br \/>\nAftan \u00e1: 100% b\u00f3mull.<\/p>\n<p dir=\"ltr\">\u00derif:<br \/>\nKaldur \u00fevottur \u00e1 stillingu fyrir vi\u00f0kv\u00e6man \u00fevott.<\/p>","protected":false},"featured_media":43743,"comment_status":"closed","ping_status":"closed","template":"","meta":[],"product_brand":[],"product_cat":[117,132,230,116,121,113],"product_tag":[],"class_list":{"0":"post-53113","1":"product","2":"type-product","3":"status-publish","4":"has-post-thumbnail","6":"product_cat-black-friday","7":"product_cat-heimilid-2","8":"product_cat-laekkadverd","9":"product_cat-tilbod","10":"product_cat-tilbod-adrar-vorur","11":"product_cat-utsala","13":"first","14":"instock","15":"sale","16":"shipping-taxable","17":"purchasable","18":"product-type-simple"},"_links":{"self":[{"href":"https:\/\/ilmoliulampar.is\/en_gb\/wp-json\/wp\/v2\/product\/53113","targetHints":{"allow":["GET"]}}],"collection":[{"href":"https:\/\/ilmoliulampar.is\/en_gb\/wp-json\/wp\/v2\/product"}],"about":[{"href":"https:\/\/ilmoliulampar.is\/en_gb\/wp-json\/wp\/v2\/types\/product"}],"replies":[{"embeddable":true,"href":"https:\/\/ilmoliulampar.is\/en_gb\/wp-json\/wp\/v2\/comments?post=53113"}],"wp:featuredmedia":[{"embeddable":true,"href":"https:\/\/ilmoliulampar.is\/en_gb\/wp-json\/wp\/v2\/media\/43743"}],"wp:attachment":[{"href":"https:\/\/ilmoliulampar.is\/en_gb\/wp-json\/wp\/v2\/media?parent=53113"}],"wp:term":[{"taxonomy":"product_brand","embeddable":true,"href":"https:\/\/ilmoliulampar.is\/en_gb\/wp-json\/wp\/v2\/product_brand?post=53113"},{"taxonomy":"product_cat","embeddable":true,"href":"https:\/\/ilmoliulampar.is\/en_gb\/wp-json\/wp\/v2\/product_cat?post=53113"},{"taxonomy":"product_tag","embeddable":true,"href":"https:\/\/ilmoliulampar.is\/en_gb\/wp-json\/wp\/v2\/product_tag?post=53113"}],"curies":[{"name":"wp","href":"https:\/\/api.w.org\/{rel}","templated":true}]}}