{"id":53114,"date":"2022-03-16T17:23:25","date_gmt":"2022-03-16T17:23:25","guid":{"rendered":"https:\/\/new.ilmoliulampar.is\/product\/head-up-hofudverkja-olia\/"},"modified":"2024-04-22T12:24:41","modified_gmt":"2024-04-22T12:24:41","slug":"head-up-hofudverkja-olia","status":"publish","type":"product","link":"https:\/\/ilmoliulampar.is\/en_gb\/product\/head-up-hofudverkja-olia\/","title":{"rendered":"Head Up &#8211; H\u00f6fu\u00f0verkja ol\u00eda"},"content":{"rendered":"","protected":false},"excerpt":{"rendered":"<p>Head Up<em><strong> ilmkjarnaol\u00edan<\/strong><\/em><\/p>\n<p>R\u00f3andi mintu &amp; jurta blanda, settu nokkra dropa \u00ed ilmol\u00edulampann til a\u00f0 \u00fdta undir sl\u00f6kun \u00feegar veri\u00f0 er a\u00f0 upplifa \u00a0spennu og\/e\u00f0a verk \u00ed h\u00e1lsi og h\u00f6f\u00f0i.<\/p>\n<p>&nbsp;<\/p>\n<p><img fetchpriority=\"high\" decoding=\"async\" class=\"alignnone size-medium wp-image-17847\" src=\"https:\/\/ilmoliulampar.is\/\/wp-content\/uploads\/2022\/03\/eaj2tngwoaehahr-300x300.jpg\" alt=\"\" width=\"300\" height=\"300\" \/><\/p>\n<p>&nbsp;<\/p>","protected":false},"featured_media":43752,"comment_status":"closed","ping_status":"open","template":"","meta":[],"product_brand":[],"product_cat":[224,209,108],"product_tag":[],"class_list":{"0":"post-53114","1":"product","2":"type-product","3":"status-publish","4":"has-post-thumbnail","6":"product_cat-ilmkjarnaoliur-oliur","7":"product_cat-nyjar-oliur-oliur","8":"product_cat-oliur","10":"first","11":"instock","12":"shipping-taxable","13":"purchasable","14":"product-type-simple"},"_links":{"self":[{"href":"https:\/\/ilmoliulampar.is\/en_gb\/wp-json\/wp\/v2\/product\/53114","targetHints":{"allow":["GET"]}}],"collection":[{"href":"https:\/\/ilmoliulampar.is\/en_gb\/wp-json\/wp\/v2\/product"}],"about":[{"href":"https:\/\/ilmoliulampar.is\/en_gb\/wp-json\/wp\/v2\/types\/product"}],"replies":[{"embeddable":true,"href":"https:\/\/ilmoliulampar.is\/en_gb\/wp-json\/wp\/v2\/comments?post=53114"}],"wp:featuredmedia":[{"embeddable":true,"href":"https:\/\/ilmoliulampar.is\/en_gb\/wp-json\/wp\/v2\/media\/43752"}],"wp:attachment":[{"href":"https:\/\/ilmoliulampar.is\/en_gb\/wp-json\/wp\/v2\/media?parent=53114"}],"wp:term":[{"taxonomy":"product_brand","embeddable":true,"href":"https:\/\/ilmoliulampar.is\/en_gb\/wp-json\/wp\/v2\/product_brand?post=53114"},{"taxonomy":"product_cat","embeddable":true,"href":"https:\/\/ilmoliulampar.is\/en_gb\/wp-json\/wp\/v2\/product_cat?post=53114"},{"taxonomy":"product_tag","embeddable":true,"href":"https:\/\/ilmoliulampar.is\/en_gb\/wp-json\/wp\/v2\/product_tag?post=53114"}],"curies":[{"name":"wp","href":"https:\/\/api.w.org\/{rel}","templated":true}]}}