{"id":53115,"date":"2022-03-16T18:15:51","date_gmt":"2022-03-16T18:15:51","guid":{"rendered":"https:\/\/new.ilmoliulampar.is\/product\/beauty-sleep-ilmkjarnaolia\/"},"modified":"2026-02-10T12:21:49","modified_gmt":"2026-02-10T12:21:49","slug":"beauty-sleep-ilmkjarnaolia","status":"publish","type":"product","link":"https:\/\/ilmoliulampar.is\/en_gb\/product\/beauty-sleep-ilmkjarnaolia\/","title":{"rendered":"Beauty Sleep"},"content":{"rendered":"","protected":false},"excerpt":{"rendered":"<p><strong>Beauty Sleep ilmkjarnaol\u00eda<\/strong><\/p>\n<p>D\u00e1samlega mj\u00fakur&#8230;. Settu nokkra dropa \u00ed ilmol\u00edulampann \u00ed svefnherberginu! S\u00e9rlega slakandi blanda sem hj\u00e1lpar \u00fe\u00e9r a\u00f0 gera r\u00f3andi andr\u00famsloft og eykur g\u00e6\u00f0i svefnsins svo um munar!<\/p>\n<p>&nbsp;<\/p>\n<p><strong><em>Beauty Sleep inniheldur<\/em><\/strong>: Roman Chamomile, Lavandin, Cedarwood &amp; \u00f6rl\u00edti\u00f0 af Citrus.<\/p>\n<p>&nbsp;<\/p>\n<p><img fetchpriority=\"high\" decoding=\"async\" class=\"alignnone size-medium wp-image-17851\" src=\"https:\/\/ilmoliulampar.is\/\/wp-content\/uploads\/2022\/03\/screen-shot-2022-03-16-at-18.15.11-193x300.png\" alt=\"\" width=\"193\" height=\"300\" \/><\/p>","protected":false},"featured_media":43757,"comment_status":"closed","ping_status":"closed","template":"","meta":[],"product_brand":[],"product_cat":[224,108],"product_tag":[],"class_list":{"0":"post-53115","1":"product","2":"type-product","3":"status-publish","4":"has-post-thumbnail","6":"product_cat-ilmkjarnaoliur-oliur","7":"product_cat-oliur","9":"first","10":"outofstock","11":"shipping-taxable","12":"purchasable","13":"product-type-simple"},"_links":{"self":[{"href":"https:\/\/ilmoliulampar.is\/en_gb\/wp-json\/wp\/v2\/product\/53115","targetHints":{"allow":["GET"]}}],"collection":[{"href":"https:\/\/ilmoliulampar.is\/en_gb\/wp-json\/wp\/v2\/product"}],"about":[{"href":"https:\/\/ilmoliulampar.is\/en_gb\/wp-json\/wp\/v2\/types\/product"}],"replies":[{"embeddable":true,"href":"https:\/\/ilmoliulampar.is\/en_gb\/wp-json\/wp\/v2\/comments?post=53115"}],"wp:featuredmedia":[{"embeddable":true,"href":"https:\/\/ilmoliulampar.is\/en_gb\/wp-json\/wp\/v2\/media\/43757"}],"wp:attachment":[{"href":"https:\/\/ilmoliulampar.is\/en_gb\/wp-json\/wp\/v2\/media?parent=53115"}],"wp:term":[{"taxonomy":"product_brand","embeddable":true,"href":"https:\/\/ilmoliulampar.is\/en_gb\/wp-json\/wp\/v2\/product_brand?post=53115"},{"taxonomy":"product_cat","embeddable":true,"href":"https:\/\/ilmoliulampar.is\/en_gb\/wp-json\/wp\/v2\/product_cat?post=53115"},{"taxonomy":"product_tag","embeddable":true,"href":"https:\/\/ilmoliulampar.is\/en_gb\/wp-json\/wp\/v2\/product_tag?post=53115"}],"curies":[{"name":"wp","href":"https:\/\/api.w.org\/{rel}","templated":true}]}}