{"id":53133,"date":"2022-03-24T23:45:39","date_gmt":"2022-03-24T23:45:39","guid":{"rendered":"https:\/\/new.ilmoliulampar.is\/product\/copper-coconut-ilmolia-bbw-type\/"},"modified":"2026-03-11T14:17:06","modified_gmt":"2026-03-11T14:17:06","slug":"copper-coconut-ilmolia-bbw-type","status":"publish","type":"product","link":"https:\/\/ilmoliulampar.is\/en_gb\/product\/copper-coconut-ilmolia-bbw-type\/","title":{"rendered":"COPPER COCONUT &#8211; BBW"},"content":{"rendered":"","protected":false},"excerpt":{"rendered":"<p dir=\"ltr\">COPPER COCONUT &#8211; Bath &amp; Bodyworks type ILMOL\u00cdA<\/p>\n<p dir=\"ltr\">Sumar &amp; hamingja \u00ed fl\u00f6sku!<br \/>\n\u00de\u00fa munt elska \u00feennan hl\u00fdja og sei\u00f0andi ilm af k\u00f3kos, sj\u00e1varsalti &amp; mj\u00fakum amber-n\u00f3tum \u00ed bland vi\u00f0 ferska appels\u00ednu og Tonka-baunir!<br \/>\nS\u00e9rstaklega &#8222;dj\u00fas\u00ed&#8220; og notalegur ilmur sem \u00e1 kl\u00e1rlega eftir a\u00f0 ver\u00f0a einn af \u00fe\u00ednum upp\u00e1halds!<\/p>\n<p dir=\"ltr\">(ATH. um er a\u00f0 r\u00e6\u00f0a ilmol\u00edu, myndin er eing\u00f6ngu notu\u00f0 til \u00feess a\u00f0 s\u00fdna um hva\u00f0a ilm er a\u00f0 r\u00e6\u00f0a)<\/p>","protected":false},"featured_media":43849,"comment_status":"closed","ping_status":"closed","template":"","meta":[],"product_brand":[],"product_cat":[195,108],"product_tag":[],"class_list":{"0":"post-53133","1":"product","2":"type-product","3":"status-publish","4":"has-post-thumbnail","6":"product_cat-ilmoliur-oliur","7":"product_cat-oliur","9":"first","10":"instock","11":"shipping-taxable","12":"purchasable","13":"product-type-simple"},"_links":{"self":[{"href":"https:\/\/ilmoliulampar.is\/en_gb\/wp-json\/wp\/v2\/product\/53133","targetHints":{"allow":["GET"]}}],"collection":[{"href":"https:\/\/ilmoliulampar.is\/en_gb\/wp-json\/wp\/v2\/product"}],"about":[{"href":"https:\/\/ilmoliulampar.is\/en_gb\/wp-json\/wp\/v2\/types\/product"}],"replies":[{"embeddable":true,"href":"https:\/\/ilmoliulampar.is\/en_gb\/wp-json\/wp\/v2\/comments?post=53133"}],"wp:featuredmedia":[{"embeddable":true,"href":"https:\/\/ilmoliulampar.is\/en_gb\/wp-json\/wp\/v2\/media\/43849"}],"wp:attachment":[{"href":"https:\/\/ilmoliulampar.is\/en_gb\/wp-json\/wp\/v2\/media?parent=53133"}],"wp:term":[{"taxonomy":"product_brand","embeddable":true,"href":"https:\/\/ilmoliulampar.is\/en_gb\/wp-json\/wp\/v2\/product_brand?post=53133"},{"taxonomy":"product_cat","embeddable":true,"href":"https:\/\/ilmoliulampar.is\/en_gb\/wp-json\/wp\/v2\/product_cat?post=53133"},{"taxonomy":"product_tag","embeddable":true,"href":"https:\/\/ilmoliulampar.is\/en_gb\/wp-json\/wp\/v2\/product_tag?post=53133"}],"curies":[{"name":"wp","href":"https:\/\/api.w.org\/{rel}","templated":true}]}}