{"id":53138,"date":"2022-03-28T16:39:48","date_gmt":"2022-03-28T16:39:48","guid":{"rendered":"https:\/\/new.ilmoliulampar.is\/product\/purify-cleanse\/"},"modified":"2026-03-09T12:28:32","modified_gmt":"2026-03-09T12:28:32","slug":"purify-cleanse","status":"publish","type":"product","link":"https:\/\/ilmoliulampar.is\/en_gb\/product\/purify-cleanse\/","title":{"rendered":"Purify &#038; Cleanse"},"content":{"rendered":"","protected":false},"excerpt":{"rendered":"<p style=\"text-align: left;\"><em><strong>Purify &amp; Cleanse<\/strong> ilmkjarnaol\u00eda sem s\u00f3tthreinsar lofti\u00f0!<\/em><\/p>\n<p dir=\"ltr\">Purify &amp; Cleanse er hreinlegur s\u00edtrus ilmur, sem inniheldur appels\u00ednur, k\u00f3r\u00edander &amp; Galbanum,\u00a0 sannk\u00f6llu\u00f0 gr\u00e6n blanda!<br \/>\nSettu nokkra dropa\u00a0 \u00ed ilmol\u00edulampann til a\u00f0 hreinsa og fr\u00edska upp \u00e1 andr\u00famslofti\u00f0!<\/p>\n<p dir=\"ltr\"><strong>&#8222;LIFE-HACK&#8220;\u00a0<\/strong><br \/>\n<strong>Fr\u00edska\u00f0u upp \u00e1 eldh\u00fasi\u00f0:<\/strong><br \/>\nSettu 10-12 dropa af Purify &amp; Cleanse \u00ed spreyfl\u00f6sku me\u00f0 vatni og nota\u00f0u sem hreinsisprey til a\u00f0 \u00feurrka af \u00ed eldh\u00fasinu! \u2026. ilmurinn ver\u00f0ur svo d\u00e1samlegur!<\/p>\n<p>&nbsp;<\/p>","protected":false},"featured_media":43874,"comment_status":"closed","ping_status":"closed","template":"","meta":[],"product_brand":[],"product_cat":[224,108],"product_tag":[],"class_list":{"0":"post-53138","1":"product","2":"type-product","3":"status-publish","4":"has-post-thumbnail","6":"product_cat-ilmkjarnaoliur-oliur","7":"product_cat-oliur","9":"first","10":"outofstock","11":"shipping-taxable","12":"purchasable","13":"product-type-simple"},"_links":{"self":[{"href":"https:\/\/ilmoliulampar.is\/en_gb\/wp-json\/wp\/v2\/product\/53138","targetHints":{"allow":["GET"]}}],"collection":[{"href":"https:\/\/ilmoliulampar.is\/en_gb\/wp-json\/wp\/v2\/product"}],"about":[{"href":"https:\/\/ilmoliulampar.is\/en_gb\/wp-json\/wp\/v2\/types\/product"}],"replies":[{"embeddable":true,"href":"https:\/\/ilmoliulampar.is\/en_gb\/wp-json\/wp\/v2\/comments?post=53138"}],"wp:featuredmedia":[{"embeddable":true,"href":"https:\/\/ilmoliulampar.is\/en_gb\/wp-json\/wp\/v2\/media\/43874"}],"wp:attachment":[{"href":"https:\/\/ilmoliulampar.is\/en_gb\/wp-json\/wp\/v2\/media?parent=53138"}],"wp:term":[{"taxonomy":"product_brand","embeddable":true,"href":"https:\/\/ilmoliulampar.is\/en_gb\/wp-json\/wp\/v2\/product_brand?post=53138"},{"taxonomy":"product_cat","embeddable":true,"href":"https:\/\/ilmoliulampar.is\/en_gb\/wp-json\/wp\/v2\/product_cat?post=53138"},{"taxonomy":"product_tag","embeddable":true,"href":"https:\/\/ilmoliulampar.is\/en_gb\/wp-json\/wp\/v2\/product_tag?post=53138"}],"curies":[{"name":"wp","href":"https:\/\/api.w.org\/{rel}","templated":true}]}}