{"id":53139,"date":"2022-03-28T17:42:12","date_gmt":"2022-03-28T17:42:12","guid":{"rendered":"https:\/\/new.ilmoliulampar.is\/product\/amour\/"},"modified":"2024-04-22T12:30:12","modified_gmt":"2024-04-22T12:30:12","slug":"amour","status":"publish","type":"product","link":"https:\/\/ilmoliulampar.is\/en_gb\/product\/amour\/","title":{"rendered":"Amour"},"content":{"rendered":"","protected":false},"excerpt":{"rendered":"<p><em><strong>Amour<\/strong><\/em> ilmkjarnaol\u00edu-blandan er blanda \u00e1starinnar, \u00feessi sem ilmar af bl\u00f3mum og s\u00e6tum t\u00f3num. Finndu \u00e1stina og orkuna me\u00f0 \u00fev\u00ed a\u00f0 setja nokkra dropa \u00ed ilmol\u00edulampann \u00feinn.<\/p>\n<p><em>Inniheldur Cedarwood, Lavandin, Orange, Palmarosa, Patchouli &amp; Ylang Ylang.<\/em><\/p>\n<p>&nbsp;<\/p>","protected":false},"featured_media":43879,"comment_status":"closed","ping_status":"open","template":"","meta":[],"product_brand":[],"product_cat":[224,209,108],"product_tag":[],"class_list":{"0":"post-53139","1":"product","2":"type-product","3":"status-publish","4":"has-post-thumbnail","6":"product_cat-ilmkjarnaoliur-oliur","7":"product_cat-nyjar-oliur-oliur","8":"product_cat-oliur","10":"first","11":"instock","12":"shipping-taxable","13":"purchasable","14":"product-type-simple"},"_links":{"self":[{"href":"https:\/\/ilmoliulampar.is\/en_gb\/wp-json\/wp\/v2\/product\/53139","targetHints":{"allow":["GET"]}}],"collection":[{"href":"https:\/\/ilmoliulampar.is\/en_gb\/wp-json\/wp\/v2\/product"}],"about":[{"href":"https:\/\/ilmoliulampar.is\/en_gb\/wp-json\/wp\/v2\/types\/product"}],"replies":[{"embeddable":true,"href":"https:\/\/ilmoliulampar.is\/en_gb\/wp-json\/wp\/v2\/comments?post=53139"}],"wp:featuredmedia":[{"embeddable":true,"href":"https:\/\/ilmoliulampar.is\/en_gb\/wp-json\/wp\/v2\/media\/43879"}],"wp:attachment":[{"href":"https:\/\/ilmoliulampar.is\/en_gb\/wp-json\/wp\/v2\/media?parent=53139"}],"wp:term":[{"taxonomy":"product_brand","embeddable":true,"href":"https:\/\/ilmoliulampar.is\/en_gb\/wp-json\/wp\/v2\/product_brand?post=53139"},{"taxonomy":"product_cat","embeddable":true,"href":"https:\/\/ilmoliulampar.is\/en_gb\/wp-json\/wp\/v2\/product_cat?post=53139"},{"taxonomy":"product_tag","embeddable":true,"href":"https:\/\/ilmoliulampar.is\/en_gb\/wp-json\/wp\/v2\/product_tag?post=53139"}],"curies":[{"name":"wp","href":"https:\/\/api.w.org\/{rel}","templated":true}]}}